{"id":4328,"date":"2017-04-12T19:24:06","date_gmt":"2017-04-13T00:24:06","guid":{"rendered":"http:\/\/clubvelostoneham.com\/?page_id=4328"},"modified":"2021-02-16T13:10:11","modified_gmt":"2021-02-16T18:10:11","slug":"inscription-invite-2017","status":"publish","type":"page","link":"https:\/\/clubvelostoneham.com\/?page_id=4328","title":{"rendered":"Inscription Invit\u00e9"},"content":{"rendered":"<p>Vous trouverez ci-joint le formulaire d\u2019inscription invit\u00e9. Ce formulaire comprend aussi quelques questions qui nous permettrons de mieux cibler votre profil de cycliste pour vous offrir ainsi qu&rsquo;\u00e0 tous nos membres une sortie des plus s\u00e9curitaires.<br \/>\nPrendre note que vous devez rouler dans le m\u00eame peloton que votre parrain\/marraine, c&rsquo;est \u00e0 dire le membre du club qui vous a invit\u00e9.<br \/>\nPour proc\u00e9der, veuillez compl\u00e9ter les \u00e9tapes suivantes:<br \/>\n1- Ouvrir le lien: <a href=\"https:\/\/forms.gle\/7iJoxCLGyaqaPSJQ7\" target=\"_blank\" rel=\"noopener noreferrer\">Inscription Invit\u00e9<\/a><br \/>\n2- Compl\u00e9ter le formulaire, un affichage suivra pour indiquer que le formulaire est compl\u00e9t\u00e9<br \/>\n4- Vous recevrez par courriel une copie de votre formulaire d\u00fbment rempli.<br \/>\nVous pouvez contacter le club en tout temps aux coordonn\u00e9es suivantes:<br \/>\n<a href=\"mailto:clubvelostoneham@gmail.com\">clubvelostoneham@gmail.com<\/a> ou au (418) 848-4888<br \/>\nMerci de votre confiance et \u00e0 tr\u00e8s bient\u00f4t. Au plaisir de rouler avec vous !<\/p>\n","protected":false},"excerpt":{"rendered":"<p>Vous trouverez ci-joint le formulaire d\u2019inscription invit\u00e9. Ce formulaire comprend aussi quelques questions qui nous permettrons de mieux cibler votre profil de cycliste pour vous offrir ainsi qu&rsquo;\u00e0 tous nos membres une sortie des plus s\u00e9curitaires. Prendre note que vous\u2026<\/p>\n","protected":false},"author":2,"featured_media":0,"parent":0,"menu_order":0,"comment_status":"closed","ping_status":"closed","template":"","meta":{"ngg_post_thumbnail":0,"footnotes":""},"categories":[],"tags":[],"class_list":["post-4328","page","type-page","status-publish","hentry"],"yoast_head":"<!-- This site is optimized with the Yoast SEO plugin v26.1.1 - https:\/\/yoast.com\/wordpress\/plugins\/seo\/ -->\n<title>Inscription Invit\u00e9 - Club V\u00e9lo Stoneham<\/title>\n<meta name=\"robots\" content=\"index, follow, max-snippet:-1, max-image-preview:large, max-video-preview:-1\" \/>\n<link rel=\"canonical\" href=\"https:\/\/clubvelostoneham.com\/?page_id=4328\" \/>\n<meta property=\"og:locale\" content=\"fr_FR\" \/>\n<meta property=\"og:type\" content=\"article\" \/>\n<meta property=\"og:title\" content=\"Inscription Invit\u00e9 - Club V\u00e9lo Stoneham\" \/>\n<meta property=\"og:description\" content=\"Vous trouverez ci-joint le formulaire d\u2019inscription invit\u00e9. Ce formulaire comprend aussi quelques questions qui nous permettrons de mieux cibler votre profil de cycliste pour vous offrir ainsi qu&rsquo;\u00e0 tous nos membres une sortie des plus s\u00e9curitaires. Prendre note que vous\u2026\" \/>\n<meta property=\"og:url\" content=\"https:\/\/clubvelostoneham.com\/?page_id=4328\" \/>\n<meta property=\"og:site_name\" content=\"Club V\u00e9lo Stoneham\" \/>\n<meta property=\"article:modified_time\" content=\"2021-02-16T18:10:11+00:00\" \/>\n<meta name=\"twitter:label1\" content=\"Dur\u00e9e de lecture estim\u00e9e\" \/>\n\t<meta name=\"twitter:data1\" content=\"1 minute\" \/>\n<script type=\"application\/ld+json\" class=\"yoast-schema-graph\">{\"@context\":\"https:\/\/schema.org\",\"@graph\":[{\"@type\":\"WebPage\",\"@id\":\"https:\/\/clubvelostoneham.com\/?page_id=4328\",\"url\":\"https:\/\/clubvelostoneham.com\/?page_id=4328\",\"name\":\"Inscription Invit\u00e9 - Club V\u00e9lo Stoneham\",\"isPartOf\":{\"@id\":\"https:\/\/clubvelostoneham.com\/#website\"},\"datePublished\":\"2017-04-13T00:24:06+00:00\",\"dateModified\":\"2021-02-16T18:10:11+00:00\",\"breadcrumb\":{\"@id\":\"https:\/\/clubvelostoneham.com\/?page_id=4328#breadcrumb\"},\"inLanguage\":\"fr-FR\",\"potentialAction\":[{\"@type\":\"ReadAction\",\"target\":[\"https:\/\/clubvelostoneham.com\/?page_id=4328\"]}]},{\"@type\":\"BreadcrumbList\",\"@id\":\"https:\/\/clubvelostoneham.com\/?page_id=4328#breadcrumb\",\"itemListElement\":[{\"@type\":\"ListItem\",\"position\":1,\"name\":\"Accueil\",\"item\":\"https:\/\/clubvelostoneham.com\/\"},{\"@type\":\"ListItem\",\"position\":2,\"name\":\"Inscription Invit\u00e9\"}]},{\"@type\":\"WebSite\",\"@id\":\"https:\/\/clubvelostoneham.com\/#website\",\"url\":\"https:\/\/clubvelostoneham.com\/\",\"name\":\"Club V\u00e9lo Stoneham\",\"description\":\"Club V\u00e9lo Stoneham\",\"potentialAction\":[{\"@type\":\"SearchAction\",\"target\":{\"@type\":\"EntryPoint\",\"urlTemplate\":\"https:\/\/clubvelostoneham.com\/?s={search_term_string}\"},\"query-input\":{\"@type\":\"PropertyValueSpecification\",\"valueRequired\":true,\"valueName\":\"search_term_string\"}}],\"inLanguage\":\"fr-FR\"}]}<\/script>\n<!-- \/ Yoast SEO plugin. -->","yoast_head_json":{"title":"Inscription Invit\u00e9 - Club V\u00e9lo Stoneham","robots":{"index":"index","follow":"follow","max-snippet":"max-snippet:-1","max-image-preview":"max-image-preview:large","max-video-preview":"max-video-preview:-1"},"canonical":"https:\/\/clubvelostoneham.com\/?page_id=4328","og_locale":"fr_FR","og_type":"article","og_title":"Inscription Invit\u00e9 - Club V\u00e9lo Stoneham","og_description":"Vous trouverez ci-joint le formulaire d\u2019inscription invit\u00e9. Ce formulaire comprend aussi quelques questions qui nous permettrons de mieux cibler votre profil de cycliste pour vous offrir ainsi qu&rsquo;\u00e0 tous nos membres une sortie des plus s\u00e9curitaires. Prendre note que vous\u2026","og_url":"https:\/\/clubvelostoneham.com\/?page_id=4328","og_site_name":"Club V\u00e9lo Stoneham","article_modified_time":"2021-02-16T18:10:11+00:00","twitter_misc":{"Dur\u00e9e de lecture estim\u00e9e":"1 minute"},"schema":{"@context":"https:\/\/schema.org","@graph":[{"@type":"WebPage","@id":"https:\/\/clubvelostoneham.com\/?page_id=4328","url":"https:\/\/clubvelostoneham.com\/?page_id=4328","name":"Inscription Invit\u00e9 - Club V\u00e9lo Stoneham","isPartOf":{"@id":"https:\/\/clubvelostoneham.com\/#website"},"datePublished":"2017-04-13T00:24:06+00:00","dateModified":"2021-02-16T18:10:11+00:00","breadcrumb":{"@id":"https:\/\/clubvelostoneham.com\/?page_id=4328#breadcrumb"},"inLanguage":"fr-FR","potentialAction":[{"@type":"ReadAction","target":["https:\/\/clubvelostoneham.com\/?page_id=4328"]}]},{"@type":"BreadcrumbList","@id":"https:\/\/clubvelostoneham.com\/?page_id=4328#breadcrumb","itemListElement":[{"@type":"ListItem","position":1,"name":"Accueil","item":"https:\/\/clubvelostoneham.com\/"},{"@type":"ListItem","position":2,"name":"Inscription Invit\u00e9"}]},{"@type":"WebSite","@id":"https:\/\/clubvelostoneham.com\/#website","url":"https:\/\/clubvelostoneham.com\/","name":"Club V\u00e9lo Stoneham","description":"Club V\u00e9lo Stoneham","potentialAction":[{"@type":"SearchAction","target":{"@type":"EntryPoint","urlTemplate":"https:\/\/clubvelostoneham.com\/?s={search_term_string}"},"query-input":{"@type":"PropertyValueSpecification","valueRequired":true,"valueName":"search_term_string"}}],"inLanguage":"fr-FR"}]}},"jetpack_sharing_enabled":true,"jetpack_shortlink":"https:\/\/wp.me\/P78n5A-17O","_links":{"self":[{"href":"https:\/\/clubvelostoneham.com\/index.php?rest_route=\/wp\/v2\/pages\/4328","targetHints":{"allow":["GET"]}}],"collection":[{"href":"https:\/\/clubvelostoneham.com\/index.php?rest_route=\/wp\/v2\/pages"}],"about":[{"href":"https:\/\/clubvelostoneham.com\/index.php?rest_route=\/wp\/v2\/types\/page"}],"author":[{"embeddable":true,"href":"https:\/\/clubvelostoneham.com\/index.php?rest_route=\/wp\/v2\/users\/2"}],"replies":[{"embeddable":true,"href":"https:\/\/clubvelostoneham.com\/index.php?rest_route=%2Fwp%2Fv2%2Fcomments&post=4328"}],"version-history":[{"count":5,"href":"https:\/\/clubvelostoneham.com\/index.php?rest_route=\/wp\/v2\/pages\/4328\/revisions"}],"predecessor-version":[{"id":4662,"href":"https:\/\/clubvelostoneham.com\/index.php?rest_route=\/wp\/v2\/pages\/4328\/revisions\/4662"}],"wp:attachment":[{"href":"https:\/\/clubvelostoneham.com\/index.php?rest_route=%2Fwp%2Fv2%2Fmedia&parent=4328"}],"wp:term":[{"taxonomy":"category","embeddable":true,"href":"https:\/\/clubvelostoneham.com\/index.php?rest_route=%2Fwp%2Fv2%2Fcategories&post=4328"},{"taxonomy":"post_tag","embeddable":true,"href":"https:\/\/clubvelostoneham.com\/index.php?rest_route=%2Fwp%2Fv2%2Ftags&post=4328"}],"curies":[{"name":"wp","href":"https:\/\/api.w.org\/{rel}","templated":true}]}}