{"id":3296,"date":"2016-05-01T06:29:32","date_gmt":"2016-05-01T11:29:32","guid":{"rendered":"http:\/\/clubvelostoneham.com\/?page_id=3296"},"modified":"2022-04-27T20:14:36","modified_gmt":"2022-04-28T01:14:36","slug":"presentation-regles-cvs","status":"publish","type":"page","link":"https:\/\/clubvelostoneham.com\/?page_id=3296","title":{"rendered":"Pr\u00e9sentation des r\u00e8gles CVS"},"content":{"rendered":"<p style=\"margin: 0cm; margin-bottom: .0001pt; orphans: auto; text-align: start; widows: 1; -webkit-text-stroke-width: 0px; word-spacing: 0px;\"><span style=\"font-family: 'Calibri',sans-serif; color: black;\">Afin de permettre \u00e0 tous nos membres d&rsquo;interagir en toute coll\u00e9gialit\u00e9 et s\u00e9curit\u00e9 les uns avec les autres lors des sorties organis\u00e9es par le Club, nous fournissons ci-apr\u00e8s deux (2) courtes pr\u00e9sentations regroupant l&rsquo;ensemble des r\u00e8gles \u00e9tablies pour assurer la meilleure collaboration possible entre cyclistes.<\/span><\/p>\n<p style=\"margin: 0cm; margin-bottom: .0001pt; orphans: auto; text-align: start; widows: 1; -webkit-text-stroke-width: 0px; word-spacing: 0px;\"><span style=\"font-family: 'Calibri',sans-serif; color: black;\">Ces documents seront pr\u00e9sent\u00e9 aux nouveaux membres lors de la formation officielle. Chaque nouveau est inform\u00e9 de la date de cette formation.<\/span><\/p>\n<p style=\"margin: 0cm; margin-bottom: .0001pt; orphans: auto; text-align: start; widows: 1; -webkit-text-stroke-width: 0px; word-spacing: 0px;\"><span style=\"font-family: 'Calibri',sans-serif; color: black;\">Nous incitons aussi fortement tous nos membres \u00e0 en prendre connaissance pour se familiariser avec nos modes de fonctionnement.<\/span><\/p>\n<p style=\"margin: 0cm; margin-bottom: .0001pt; orphans: auto; text-align: start; widows: 1; -webkit-text-stroke-width: 0px; word-spacing: 0px;\"><span style=\"font-family: 'Calibri',sans-serif; color: black;\">Le premier document pr\u00e9sente les bases du club, le mat\u00e9riel requis ainsi que les v\u00eatements et accessoires appropri\u00e9s, alors que le second aborde le bon d\u00e9roulement d&rsquo;une sortie sur route ainsi que les fa\u00e7ons de communiquer entre nous sur le v\u00e9lo.<\/span><\/p>\n<p style=\"margin: 0cm; margin-bottom: .0001pt; orphans: auto; text-align: start; widows: 1; -webkit-text-stroke-width: 0px; word-spacing: 0px;\"><span style=\"font-family: 'Calibri',sans-serif; color: black;\">Bon visionnement!<\/span><\/p>\n<p style=\"margin: 0cm; margin-bottom: .0001pt; orphans: auto; text-align: start; widows: 1; -webkit-text-stroke-width: 0px; word-spacing: 0px;\">\n<a href=\"https:\/\/clubvelostoneham.com\/wp-content\/uploads\/2022\/04\/CVS_Formation_2022_P1.pdf\" class=\"pdfemb-viewer\" style=\"\" data-width=\"max\" data-height=\"max\" data-toolbar=\"bottom\" data-toolbar-fixed=\"off\">CVS_Formation_2022_P1<\/a>\n<a href=\"https:\/\/clubvelostoneham.com\/wp-content\/uploads\/2022\/04\/CVS_Formation_2022_P2.pdf\" class=\"pdfemb-viewer\" style=\"\" data-width=\"max\" data-height=\"max\" data-toolbar=\"bottom\" data-toolbar-fixed=\"off\">CVS_Formation_2022_P2<\/a>\n","protected":false},"excerpt":{"rendered":"<p>Afin de permettre \u00e0 tous nos membres d&rsquo;interagir en toute coll\u00e9gialit\u00e9 et s\u00e9curit\u00e9 les uns avec les autres lors des sorties organis\u00e9es par le Club, nous fournissons ci-apr\u00e8s deux (2) courtes pr\u00e9sentations regroupant l&rsquo;ensemble des r\u00e8gles \u00e9tablies pour assurer la\u2026<\/p>\n","protected":false},"author":2,"featured_media":0,"parent":0,"menu_order":0,"comment_status":"closed","ping_status":"closed","template":"","meta":{"ngg_post_thumbnail":0,"footnotes":""},"categories":[],"tags":[],"class_list":["post-3296","page","type-page","status-publish","hentry"],"yoast_head":"<!-- This site is optimized with the Yoast SEO plugin v26.1.1 - https:\/\/yoast.com\/wordpress\/plugins\/seo\/ -->\n<title>Pr\u00e9sentation des r\u00e8gles CVS - Club V\u00e9lo Stoneham<\/title>\n<meta name=\"robots\" content=\"index, follow, max-snippet:-1, max-image-preview:large, max-video-preview:-1\" \/>\n<link rel=\"canonical\" href=\"https:\/\/clubvelostoneham.com\/?page_id=3296\" \/>\n<meta property=\"og:locale\" content=\"fr_FR\" \/>\n<meta property=\"og:type\" content=\"article\" \/>\n<meta property=\"og:title\" content=\"Pr\u00e9sentation des r\u00e8gles CVS - Club V\u00e9lo Stoneham\" \/>\n<meta property=\"og:description\" content=\"Afin de permettre \u00e0 tous nos membres d&rsquo;interagir en toute coll\u00e9gialit\u00e9 et s\u00e9curit\u00e9 les uns avec les autres lors des sorties organis\u00e9es par le Club, nous fournissons ci-apr\u00e8s deux (2) courtes pr\u00e9sentations regroupant l&rsquo;ensemble des r\u00e8gles \u00e9tablies pour assurer la\u2026\" \/>\n<meta property=\"og:url\" content=\"https:\/\/clubvelostoneham.com\/?page_id=3296\" \/>\n<meta property=\"og:site_name\" content=\"Club V\u00e9lo Stoneham\" \/>\n<meta property=\"article:modified_time\" content=\"2022-04-28T01:14:36+00:00\" \/>\n<meta name=\"twitter:label1\" content=\"Dur\u00e9e de lecture estim\u00e9e\" \/>\n\t<meta name=\"twitter:data1\" content=\"1 minute\" \/>\n<script type=\"application\/ld+json\" class=\"yoast-schema-graph\">{\"@context\":\"https:\/\/schema.org\",\"@graph\":[{\"@type\":\"WebPage\",\"@id\":\"https:\/\/clubvelostoneham.com\/?page_id=3296\",\"url\":\"https:\/\/clubvelostoneham.com\/?page_id=3296\",\"name\":\"Pr\u00e9sentation des r\u00e8gles CVS - Club V\u00e9lo Stoneham\",\"isPartOf\":{\"@id\":\"https:\/\/clubvelostoneham.com\/#website\"},\"datePublished\":\"2016-05-01T11:29:32+00:00\",\"dateModified\":\"2022-04-28T01:14:36+00:00\",\"breadcrumb\":{\"@id\":\"https:\/\/clubvelostoneham.com\/?page_id=3296#breadcrumb\"},\"inLanguage\":\"fr-FR\",\"potentialAction\":[{\"@type\":\"ReadAction\",\"target\":[\"https:\/\/clubvelostoneham.com\/?page_id=3296\"]}]},{\"@type\":\"BreadcrumbList\",\"@id\":\"https:\/\/clubvelostoneham.com\/?page_id=3296#breadcrumb\",\"itemListElement\":[{\"@type\":\"ListItem\",\"position\":1,\"name\":\"Accueil\",\"item\":\"https:\/\/clubvelostoneham.com\/\"},{\"@type\":\"ListItem\",\"position\":2,\"name\":\"Pr\u00e9sentation des r\u00e8gles CVS\"}]},{\"@type\":\"WebSite\",\"@id\":\"https:\/\/clubvelostoneham.com\/#website\",\"url\":\"https:\/\/clubvelostoneham.com\/\",\"name\":\"Club V\u00e9lo Stoneham\",\"description\":\"Club V\u00e9lo Stoneham\",\"potentialAction\":[{\"@type\":\"SearchAction\",\"target\":{\"@type\":\"EntryPoint\",\"urlTemplate\":\"https:\/\/clubvelostoneham.com\/?s={search_term_string}\"},\"query-input\":{\"@type\":\"PropertyValueSpecification\",\"valueRequired\":true,\"valueName\":\"search_term_string\"}}],\"inLanguage\":\"fr-FR\"}]}<\/script>\n<!-- \/ Yoast SEO plugin. -->","yoast_head_json":{"title":"Pr\u00e9sentation des r\u00e8gles CVS - Club V\u00e9lo Stoneham","robots":{"index":"index","follow":"follow","max-snippet":"max-snippet:-1","max-image-preview":"max-image-preview:large","max-video-preview":"max-video-preview:-1"},"canonical":"https:\/\/clubvelostoneham.com\/?page_id=3296","og_locale":"fr_FR","og_type":"article","og_title":"Pr\u00e9sentation des r\u00e8gles CVS - Club V\u00e9lo Stoneham","og_description":"Afin de permettre \u00e0 tous nos membres d&rsquo;interagir en toute coll\u00e9gialit\u00e9 et s\u00e9curit\u00e9 les uns avec les autres lors des sorties organis\u00e9es par le Club, nous fournissons ci-apr\u00e8s deux (2) courtes pr\u00e9sentations regroupant l&rsquo;ensemble des r\u00e8gles \u00e9tablies pour assurer la\u2026","og_url":"https:\/\/clubvelostoneham.com\/?page_id=3296","og_site_name":"Club V\u00e9lo Stoneham","article_modified_time":"2022-04-28T01:14:36+00:00","twitter_misc":{"Dur\u00e9e de lecture estim\u00e9e":"1 minute"},"schema":{"@context":"https:\/\/schema.org","@graph":[{"@type":"WebPage","@id":"https:\/\/clubvelostoneham.com\/?page_id=3296","url":"https:\/\/clubvelostoneham.com\/?page_id=3296","name":"Pr\u00e9sentation des r\u00e8gles CVS - Club V\u00e9lo Stoneham","isPartOf":{"@id":"https:\/\/clubvelostoneham.com\/#website"},"datePublished":"2016-05-01T11:29:32+00:00","dateModified":"2022-04-28T01:14:36+00:00","breadcrumb":{"@id":"https:\/\/clubvelostoneham.com\/?page_id=3296#breadcrumb"},"inLanguage":"fr-FR","potentialAction":[{"@type":"ReadAction","target":["https:\/\/clubvelostoneham.com\/?page_id=3296"]}]},{"@type":"BreadcrumbList","@id":"https:\/\/clubvelostoneham.com\/?page_id=3296#breadcrumb","itemListElement":[{"@type":"ListItem","position":1,"name":"Accueil","item":"https:\/\/clubvelostoneham.com\/"},{"@type":"ListItem","position":2,"name":"Pr\u00e9sentation des r\u00e8gles CVS"}]},{"@type":"WebSite","@id":"https:\/\/clubvelostoneham.com\/#website","url":"https:\/\/clubvelostoneham.com\/","name":"Club V\u00e9lo Stoneham","description":"Club V\u00e9lo Stoneham","potentialAction":[{"@type":"SearchAction","target":{"@type":"EntryPoint","urlTemplate":"https:\/\/clubvelostoneham.com\/?s={search_term_string}"},"query-input":{"@type":"PropertyValueSpecification","valueRequired":true,"valueName":"search_term_string"}}],"inLanguage":"fr-FR"}]}},"jetpack_sharing_enabled":true,"jetpack_shortlink":"https:\/\/wp.me\/P78n5A-Ra","_links":{"self":[{"href":"https:\/\/clubvelostoneham.com\/index.php?rest_route=\/wp\/v2\/pages\/3296","targetHints":{"allow":["GET"]}}],"collection":[{"href":"https:\/\/clubvelostoneham.com\/index.php?rest_route=\/wp\/v2\/pages"}],"about":[{"href":"https:\/\/clubvelostoneham.com\/index.php?rest_route=\/wp\/v2\/types\/page"}],"author":[{"embeddable":true,"href":"https:\/\/clubvelostoneham.com\/index.php?rest_route=\/wp\/v2\/users\/2"}],"replies":[{"embeddable":true,"href":"https:\/\/clubvelostoneham.com\/index.php?rest_route=%2Fwp%2Fv2%2Fcomments&post=3296"}],"version-history":[{"count":18,"href":"https:\/\/clubvelostoneham.com\/index.php?rest_route=\/wp\/v2\/pages\/3296\/revisions"}],"predecessor-version":[{"id":4868,"href":"https:\/\/clubvelostoneham.com\/index.php?rest_route=\/wp\/v2\/pages\/3296\/revisions\/4868"}],"wp:attachment":[{"href":"https:\/\/clubvelostoneham.com\/index.php?rest_route=%2Fwp%2Fv2%2Fmedia&parent=3296"}],"wp:term":[{"taxonomy":"category","embeddable":true,"href":"https:\/\/clubvelostoneham.com\/index.php?rest_route=%2Fwp%2Fv2%2Fcategories&post=3296"},{"taxonomy":"post_tag","embeddable":true,"href":"https:\/\/clubvelostoneham.com\/index.php?rest_route=%2Fwp%2Fv2%2Ftags&post=3296"}],"curies":[{"name":"wp","href":"https:\/\/api.w.org\/{rel}","templated":true}]}}