{"id":2164,"date":"2016-01-22T15:49:17","date_gmt":"2016-01-22T20:49:17","guid":{"rendered":"http:\/\/clubvelostoneham.com\/?page_id=2164"},"modified":"2025-01-11T08:35:23","modified_gmt":"2025-01-11T13:35:23","slug":"conseil-dadministration-2025","status":"publish","type":"page","link":"https:\/\/clubvelostoneham.com\/?page_id=2164","title":{"rendered":"Conseil d&rsquo;administration 2025"},"content":{"rendered":"<p style=\"text-align: center;\"><img loading=\"lazy\" decoding=\"async\" class=\"alignnone size-medium wp-image-5047\" src=\"http:\/\/clubvelostoneham.com\/wp-content\/uploads\/2025\/01\/IMG_1638-533x400.jpg\" alt=\"\" width=\"533\" height=\"400\" srcset=\"https:\/\/clubvelostoneham.com\/wp-content\/uploads\/2025\/01\/IMG_1638-533x400.jpg 533w, https:\/\/clubvelostoneham.com\/wp-content\/uploads\/2025\/01\/IMG_1638-800x600.jpg 800w, https:\/\/clubvelostoneham.com\/wp-content\/uploads\/2025\/01\/IMG_1638.jpg 1170w\" sizes=\"auto, (max-width: 533px) 100vw, 533px\" \/><\/p>\n<p style=\"text-align: center;\">Voici les membres du CA 2025 pour notre club. Une \u00e9quipe \u00e0 votre service.<\/p>\n\n<table id=\"tablepress-6\" class=\"tablepress tablepress-id-6\">\n<tbody class=\"row-striping row-hover\">\n<tr class=\"row-1\">\n\t<td class=\"column-1\">\u00c9ric Caron<\/td><td class=\"column-2\">Pr\u00e9sident<\/td><td class=\"column-3\"><a class=\"btn\" href=\"?page_id=4637\"><i class=\"icon-envelope-alt\"><\/i>Contact<\/a><\/td>\n<\/tr>\n<tr class=\"row-2\">\n\t<td class=\"column-1\">Genevi\u00e8ve Ajas<\/td><td class=\"column-2\">Vice-Pr\u00e9sident  Communications \/ V\u00eatements \/ Partenaires<\/td><td class=\"column-3\"><a class=\"btn\" href=\"?page_id=2135\"><i class=\"icon-envelope-alt\"><\/i>Contact<\/a><\/td>\n<\/tr>\n<tr class=\"row-3\">\n\t<td class=\"column-1\">Paulin Roy<\/td><td class=\"column-2\">Tr\u00e9sorier <br \/>\n<\/td><td class=\"column-3\"><a class=\"btn\" href=\"?page_id=4608\"><i class=\"icon-envelope-alt\"><\/i>Contact<\/a><\/td>\n<\/tr>\n<tr class=\"row-4\">\n\t<td class=\"column-1\">Sophie Cliche<\/td><td class=\"column-2\">Secr\u00e9taire \/ Activit\u00e9s sociales et Voyages<br \/>\n<\/td><td class=\"column-3\"><a class=\"btn\" href=\"?page_id=4608\"><i class=\"icon-envelope-alt\"><\/i>Contact<\/a><\/td>\n<\/tr>\n<tr class=\"row-5\">\n\t<td class=\"column-1\"><\/td><td class=\"column-2\"><\/td><td class=\"column-3\"><\/td>\n<\/tr>\n<tr class=\"row-6\">\n\t<td class=\"column-1\"><h4 style=\"text-align: left;\">Administrateurs<\/h4><\/td><td class=\"column-2\"><\/td><td class=\"column-3\"><\/td>\n<\/tr>\n<tr class=\"row-7\">\n\t<td class=\"column-1\"><\/td><td class=\"column-2\"><\/td><td class=\"column-3\"><\/td>\n<\/tr>\n<tr class=\"row-8\">\n\t<td class=\"column-1\">Marc Alain<\/td><td class=\"column-2\">Partenaires \/ Parcours <\/td><td class=\"column-3\"><a class=\"btn\" href=\"?page_id=4633\"><i class=\"icon-envelope-alt\"><\/i>Contact<\/a><\/td>\n<\/tr>\n<tr class=\"row-9\">\n\t<td class=\"column-1\">Jean-Nicolas Faguy<\/td><td class=\"column-2\">Partenaires \/ Parcours \/ Site Web<\/td><td class=\"column-3\"><a class=\"btn\" href=\"?page_id=4629\"><i class=\"icon-envelope-alt\"><\/i>Contact<\/a><\/td>\n<\/tr>\n<tr class=\"row-10\">\n\t<td class=\"column-1\"><\/td><td class=\"column-2\"><\/td><td class=\"column-3\"><\/td>\n<\/tr>\n<\/tbody>\n<\/table>\n<!-- #tablepress-6 from cache -->\n","protected":false},"excerpt":{"rendered":"<p>Voici les membres du CA 2025 pour notre club. Une \u00e9quipe \u00e0 votre service.<\/p>\n","protected":false},"author":2,"featured_media":0,"parent":0,"menu_order":0,"comment_status":"closed","ping_status":"closed","template":"","meta":{"ngg_post_thumbnail":0,"footnotes":""},"categories":[90],"tags":[],"class_list":["post-2164","page","type-page","status-publish","hentry","category-nouveautes"],"yoast_head":"<!-- This site is optimized with the Yoast SEO plugin v26.1.1 - https:\/\/yoast.com\/wordpress\/plugins\/seo\/ -->\n<title>Conseil d&#039;administration 2025 - Club V\u00e9lo Stoneham<\/title>\n<meta name=\"robots\" content=\"index, follow, max-snippet:-1, max-image-preview:large, max-video-preview:-1\" \/>\n<link rel=\"canonical\" href=\"https:\/\/clubvelostoneham.com\/?page_id=2164\" \/>\n<meta property=\"og:locale\" content=\"fr_FR\" \/>\n<meta property=\"og:type\" content=\"article\" \/>\n<meta property=\"og:title\" content=\"Conseil d&#039;administration 2025 - Club V\u00e9lo Stoneham\" \/>\n<meta property=\"og:description\" content=\"Voici les membres du CA 2025 pour notre club. Une \u00e9quipe \u00e0 votre service.\" \/>\n<meta property=\"og:url\" content=\"https:\/\/clubvelostoneham.com\/?page_id=2164\" \/>\n<meta property=\"og:site_name\" content=\"Club V\u00e9lo Stoneham\" \/>\n<meta property=\"article:modified_time\" content=\"2025-01-11T13:35:23+00:00\" \/>\n<meta property=\"og:image\" content=\"http:\/\/clubvelostoneham.com\/wp-content\/uploads\/2025\/01\/IMG_1638-533x400.jpg\" \/>\n<meta name=\"twitter:label1\" content=\"Dur\u00e9e de lecture estim\u00e9e\" \/>\n\t<meta name=\"twitter:data1\" content=\"1 minute\" \/>\n<script type=\"application\/ld+json\" class=\"yoast-schema-graph\">{\"@context\":\"https:\/\/schema.org\",\"@graph\":[{\"@type\":\"WebPage\",\"@id\":\"https:\/\/clubvelostoneham.com\/?page_id=2164\",\"url\":\"https:\/\/clubvelostoneham.com\/?page_id=2164\",\"name\":\"Conseil d'administration 2025 - Club V\u00e9lo Stoneham\",\"isPartOf\":{\"@id\":\"https:\/\/clubvelostoneham.com\/#website\"},\"primaryImageOfPage\":{\"@id\":\"https:\/\/clubvelostoneham.com\/?page_id=2164#primaryimage\"},\"image\":{\"@id\":\"https:\/\/clubvelostoneham.com\/?page_id=2164#primaryimage\"},\"thumbnailUrl\":\"http:\/\/clubvelostoneham.com\/wp-content\/uploads\/2025\/01\/IMG_1638-533x400.jpg\",\"datePublished\":\"2016-01-22T20:49:17+00:00\",\"dateModified\":\"2025-01-11T13:35:23+00:00\",\"breadcrumb\":{\"@id\":\"https:\/\/clubvelostoneham.com\/?page_id=2164#breadcrumb\"},\"inLanguage\":\"fr-FR\",\"potentialAction\":[{\"@type\":\"ReadAction\",\"target\":[\"https:\/\/clubvelostoneham.com\/?page_id=2164\"]}]},{\"@type\":\"ImageObject\",\"inLanguage\":\"fr-FR\",\"@id\":\"https:\/\/clubvelostoneham.com\/?page_id=2164#primaryimage\",\"url\":\"https:\/\/clubvelostoneham.com\/wp-content\/uploads\/2025\/01\/IMG_1638.jpg\",\"contentUrl\":\"https:\/\/clubvelostoneham.com\/wp-content\/uploads\/2025\/01\/IMG_1638.jpg\",\"width\":1170,\"height\":878},{\"@type\":\"BreadcrumbList\",\"@id\":\"https:\/\/clubvelostoneham.com\/?page_id=2164#breadcrumb\",\"itemListElement\":[{\"@type\":\"ListItem\",\"position\":1,\"name\":\"Accueil\",\"item\":\"https:\/\/clubvelostoneham.com\/\"},{\"@type\":\"ListItem\",\"position\":2,\"name\":\"Conseil d&rsquo;administration 2025\"}]},{\"@type\":\"WebSite\",\"@id\":\"https:\/\/clubvelostoneham.com\/#website\",\"url\":\"https:\/\/clubvelostoneham.com\/\",\"name\":\"Club V\u00e9lo Stoneham\",\"description\":\"Club V\u00e9lo Stoneham\",\"potentialAction\":[{\"@type\":\"SearchAction\",\"target\":{\"@type\":\"EntryPoint\",\"urlTemplate\":\"https:\/\/clubvelostoneham.com\/?s={search_term_string}\"},\"query-input\":{\"@type\":\"PropertyValueSpecification\",\"valueRequired\":true,\"valueName\":\"search_term_string\"}}],\"inLanguage\":\"fr-FR\"}]}<\/script>\n<!-- \/ Yoast SEO plugin. -->","yoast_head_json":{"title":"Conseil d'administration 2025 - Club V\u00e9lo Stoneham","robots":{"index":"index","follow":"follow","max-snippet":"max-snippet:-1","max-image-preview":"max-image-preview:large","max-video-preview":"max-video-preview:-1"},"canonical":"https:\/\/clubvelostoneham.com\/?page_id=2164","og_locale":"fr_FR","og_type":"article","og_title":"Conseil d'administration 2025 - Club V\u00e9lo Stoneham","og_description":"Voici les membres du CA 2025 pour notre club. Une \u00e9quipe \u00e0 votre service.","og_url":"https:\/\/clubvelostoneham.com\/?page_id=2164","og_site_name":"Club V\u00e9lo Stoneham","article_modified_time":"2025-01-11T13:35:23+00:00","og_image":[{"url":"http:\/\/clubvelostoneham.com\/wp-content\/uploads\/2025\/01\/IMG_1638-533x400.jpg","type":"","width":"","height":""}],"twitter_misc":{"Dur\u00e9e de lecture estim\u00e9e":"1 minute"},"schema":{"@context":"https:\/\/schema.org","@graph":[{"@type":"WebPage","@id":"https:\/\/clubvelostoneham.com\/?page_id=2164","url":"https:\/\/clubvelostoneham.com\/?page_id=2164","name":"Conseil d'administration 2025 - Club V\u00e9lo Stoneham","isPartOf":{"@id":"https:\/\/clubvelostoneham.com\/#website"},"primaryImageOfPage":{"@id":"https:\/\/clubvelostoneham.com\/?page_id=2164#primaryimage"},"image":{"@id":"https:\/\/clubvelostoneham.com\/?page_id=2164#primaryimage"},"thumbnailUrl":"http:\/\/clubvelostoneham.com\/wp-content\/uploads\/2025\/01\/IMG_1638-533x400.jpg","datePublished":"2016-01-22T20:49:17+00:00","dateModified":"2025-01-11T13:35:23+00:00","breadcrumb":{"@id":"https:\/\/clubvelostoneham.com\/?page_id=2164#breadcrumb"},"inLanguage":"fr-FR","potentialAction":[{"@type":"ReadAction","target":["https:\/\/clubvelostoneham.com\/?page_id=2164"]}]},{"@type":"ImageObject","inLanguage":"fr-FR","@id":"https:\/\/clubvelostoneham.com\/?page_id=2164#primaryimage","url":"https:\/\/clubvelostoneham.com\/wp-content\/uploads\/2025\/01\/IMG_1638.jpg","contentUrl":"https:\/\/clubvelostoneham.com\/wp-content\/uploads\/2025\/01\/IMG_1638.jpg","width":1170,"height":878},{"@type":"BreadcrumbList","@id":"https:\/\/clubvelostoneham.com\/?page_id=2164#breadcrumb","itemListElement":[{"@type":"ListItem","position":1,"name":"Accueil","item":"https:\/\/clubvelostoneham.com\/"},{"@type":"ListItem","position":2,"name":"Conseil d&rsquo;administration 2025"}]},{"@type":"WebSite","@id":"https:\/\/clubvelostoneham.com\/#website","url":"https:\/\/clubvelostoneham.com\/","name":"Club V\u00e9lo Stoneham","description":"Club V\u00e9lo Stoneham","potentialAction":[{"@type":"SearchAction","target":{"@type":"EntryPoint","urlTemplate":"https:\/\/clubvelostoneham.com\/?s={search_term_string}"},"query-input":{"@type":"PropertyValueSpecification","valueRequired":true,"valueName":"search_term_string"}}],"inLanguage":"fr-FR"}]}},"jetpack_sharing_enabled":false,"jetpack_shortlink":"https:\/\/wp.me\/P78n5A-yU","_links":{"self":[{"href":"https:\/\/clubvelostoneham.com\/index.php?rest_route=\/wp\/v2\/pages\/2164","targetHints":{"allow":["GET"]}}],"collection":[{"href":"https:\/\/clubvelostoneham.com\/index.php?rest_route=\/wp\/v2\/pages"}],"about":[{"href":"https:\/\/clubvelostoneham.com\/index.php?rest_route=\/wp\/v2\/types\/page"}],"author":[{"embeddable":true,"href":"https:\/\/clubvelostoneham.com\/index.php?rest_route=\/wp\/v2\/users\/2"}],"replies":[{"embeddable":true,"href":"https:\/\/clubvelostoneham.com\/index.php?rest_route=%2Fwp%2Fv2%2Fcomments&post=2164"}],"version-history":[{"count":22,"href":"https:\/\/clubvelostoneham.com\/index.php?rest_route=\/wp\/v2\/pages\/2164\/revisions"}],"predecessor-version":[{"id":5049,"href":"https:\/\/clubvelostoneham.com\/index.php?rest_route=\/wp\/v2\/pages\/2164\/revisions\/5049"}],"wp:attachment":[{"href":"https:\/\/clubvelostoneham.com\/index.php?rest_route=%2Fwp%2Fv2%2Fmedia&parent=2164"}],"wp:term":[{"taxonomy":"category","embeddable":true,"href":"https:\/\/clubvelostoneham.com\/index.php?rest_route=%2Fwp%2Fv2%2Fcategories&post=2164"},{"taxonomy":"post_tag","embeddable":true,"href":"https:\/\/clubvelostoneham.com\/index.php?rest_route=%2Fwp%2Fv2%2Ftags&post=2164"}],"curies":[{"name":"wp","href":"https:\/\/api.w.org\/{rel}","templated":true}]}}