{"id":1939,"date":"2016-01-18T08:27:23","date_gmt":"2016-01-18T13:27:23","guid":{"rendered":"http:\/\/clubvelostoneham.com\/?page_id=1939"},"modified":"2017-02-24T19:35:51","modified_gmt":"2017-02-25T00:35:51","slug":"partenaires","status":"publish","type":"page","link":"https:\/\/clubvelostoneham.com\/?page_id=1939","title":{"rendered":"Merci \u00e0 nos g\u00e9n\u00e9reux partenaires"},"content":{"rendered":"\n<table id=\"tablepress-9\" class=\"tablepress tablepress-id-9\">\n<tbody class=\"row-striping row-hover\">\n<tr class=\"row-1\">\n\t<td class=\"column-1\"><a href=\"http:\/\/www.chaletsalpins.ca\/\" target=\"_blank\"><img loading=\"lazy\" decoding=\"async\" src=\"http:\/\/clubvelostoneham.com\/wp-content\/uploads\/2017\/02\/chalets-alpins_300.jpg\" alt=\"chalets-alpins_300\" width=\"300\" height=\"100\" class=\"alignnone size-full wp-image-2259\" \/><\/a><\/td><td class=\"column-2\">Chalets Alpins : H\u00e9bergement Touristique : 20% de rabais aux membres CVS pour location Chalets (certaines conditions s\u2019appliquent) <\/td>\n<\/tr>\n<tr class=\"row-2\">\n\t<td class=\"column-1\"><a href=\"http:\/\/www.jalemieux.qc.ca\/\" target=\"_blank\"><img loading=\"lazy\" decoding=\"async\" src=\"http:\/\/clubvelostoneham.com\/wp-content\/uploads\/2022\/03\/JALemieux_logo_2022-600x288.jpg\" alt=\"\" width=\"600\" height=\"288\" class=\"alignnone size-medium wp-image-4810\" srcset=\"https:\/\/clubvelostoneham.com\/wp-content\/uploads\/2022\/03\/JALemieux_logo_2022-600x288.jpg 600w, https:\/\/clubvelostoneham.com\/wp-content\/uploads\/2022\/03\/JALemieux_logo_2022-800x384.jpg 800w, https:\/\/clubvelostoneham.com\/wp-content\/uploads\/2022\/03\/JALemieux_logo_2022.jpg 2047w\" sizes=\"auto, (max-width: 600px) 100vw, 600px\" \/><\/td><td class=\"column-2\">JA Lemieux Assurances et Services Financiers est fier de supporter le Club de V\u00e9lo Stoneham et ses membres depuis 2015.<br \/>\nSaviez-vous que les limitations concernant les v\u00e9los varient \u00e9norm\u00e9ment d\u2019un assureur \u00e0 l\u2019autre ? Contactez-nous pour votre prochain renouvellement et mentionnez \u00eatre r\u00e9f\u00e9r\u00e9 par le Club de V\u00e9lo Stoneham. Il nous fera grand plaisir de v\u00e9rifier notre march\u00e9 et d\u2019identifier lequel de nos diff\u00e9rents assureurs r\u00e9pond le mieux \u00e0 vos besoins. <\/td>\n<\/tr>\n<tr class=\"row-3\">\n\t<td class=\"column-1\"><a href=\"https:\/\/www.promutuelassurance.ca\/\" target=\"_blank\"><br \/>\n<img loading=\"lazy\" decoding=\"async\" src=\"http:\/\/clubvelostoneham.com\/wp-content\/uploads\/2022\/03\/Promutuel_Logo_2022-600x192.jpg\" alt=\"\" width=\"600\" height=\"192\" class=\"alignnone size-medium wp-image-4812\" srcset=\"https:\/\/clubvelostoneham.com\/wp-content\/uploads\/2022\/03\/Promutuel_Logo_2022-600x192.jpg 600w, https:\/\/clubvelostoneham.com\/wp-content\/uploads\/2022\/03\/Promutuel_Logo_2022-800x256.jpg 800w, https:\/\/clubvelostoneham.com\/wp-content\/uploads\/2022\/03\/Promutuel_Logo_2022.jpg 1756w\" sizes=\"auto, (max-width: 600px) 100vw, 600px\" \/><\/td><td class=\"column-2\">Promutuel Assurance: pour ce qui compte<\/td>\n<\/tr>\n<tr class=\"row-4\">\n\t<td class=\"column-1\"><figure class=\"wp-block-image\"><img loading=\"lazy\" decoding=\"async\" src=\"http:\/\/clubvelostoneham.com\/wp-content\/uploads\/2022\/06\/la-souche--600x300.png\" alt=\"\" width=\"600\" height=\"300\" class=\"alignnone size-medium wp-image-4875\" srcset=\"https:\/\/clubvelostoneham.com\/wp-content\/uploads\/2022\/06\/la-souche--600x300.png 600w, https:\/\/clubvelostoneham.com\/wp-content\/uploads\/2022\/06\/la-souche--800x400.png 800w\" sizes=\"auto, (max-width: 600px) 100vw, 600px\" \/><\/figure><\/td><td class=\"column-2\">La Souche. Microbrasserie et restaurant. Bi\u00e8res fabriqu\u00e9es sur place et menu qui met en valeur des produits locaux.<\/td>\n<\/tr>\n<tr class=\"row-5\">\n\t<td class=\"column-1\"><a href=\"https:\/\/www.spherikbike.com\/fr\/accueil\/\"  target=\"_blank\"><img loading=\"lazy\" decoding=\"async\" src=\"http:\/\/clubvelostoneham.com\/wp-content\/uploads\/2022\/03\/Spherik_Logo_2022.png\" alt=\"\" width=\"265\" height=\"50\" class=\"alignnone size-full wp-image-4834\" \/><\/td><td class=\"column-2\">SPHERIK :<br \/>\nConstructeur de v\u00e9los et de roues haute performance aux conceptions exclusives.<\/td>\n<\/tr>\n<tr class=\"row-6\">\n\t<td class=\"column-1\"><figure class=\"wp-block-image is-resized\"><img loading=\"lazy\" decoding=\"async\" src=\"http:\/\/clubvelostoneham.com\/wp-content\/uploads\/2021\/03\/IGARousseau.png\" alt=\"\" class=\"wp-image-4681\" width=\"300\" height=\"100\"\/><\/figure><\/td><td class=\"column-2\">IGA<\/td>\n<\/tr>\n<tr class=\"row-7\">\n\t<td class=\"column-1\"><img loading=\"lazy\" decoding=\"async\" src=\"http:\/\/clubvelostoneham.com\/wp-content\/uploads\/2020\/01\/Logo-AEF-Noir-600x193.jpg\" alt=\"\" width=\"600\" height=\"193\" class=\"alignnone size-medium wp-image-4577\" \/><\/td><td class=\"column-2\">Atelier D'\u00e9lectronique Fiset<\/td>\n<\/tr>\n<\/tbody>\n<\/table>\n<!-- #tablepress-9 from cache -->\n","protected":false},"excerpt":{"rendered":"","protected":false},"author":2,"featured_media":0,"parent":0,"menu_order":0,"comment_status":"closed","ping_status":"closed","template":"","meta":{"ngg_post_thumbnail":0,"footnotes":""},"categories":[],"tags":[],"class_list":["post-1939","page","type-page","status-publish","hentry"],"yoast_head":"<!-- This site is optimized with the Yoast SEO plugin v26.1.1 - https:\/\/yoast.com\/wordpress\/plugins\/seo\/ -->\n<title>Merci \u00e0 nos g\u00e9n\u00e9reux partenaires - Club V\u00e9lo Stoneham<\/title>\n<meta name=\"robots\" content=\"index, follow, max-snippet:-1, max-image-preview:large, max-video-preview:-1\" \/>\n<link rel=\"canonical\" href=\"https:\/\/clubvelostoneham.com\/?page_id=1939\" \/>\n<meta property=\"og:locale\" content=\"fr_FR\" \/>\n<meta property=\"og:type\" content=\"article\" \/>\n<meta property=\"og:title\" content=\"Merci \u00e0 nos g\u00e9n\u00e9reux partenaires - Club V\u00e9lo Stoneham\" \/>\n<meta property=\"og:url\" content=\"https:\/\/clubvelostoneham.com\/?page_id=1939\" \/>\n<meta property=\"og:site_name\" content=\"Club V\u00e9lo Stoneham\" \/>\n<meta property=\"article:modified_time\" content=\"2017-02-25T00:35:51+00:00\" \/>\n<script type=\"application\/ld+json\" class=\"yoast-schema-graph\">{\"@context\":\"https:\/\/schema.org\",\"@graph\":[{\"@type\":\"WebPage\",\"@id\":\"https:\/\/clubvelostoneham.com\/?page_id=1939\",\"url\":\"https:\/\/clubvelostoneham.com\/?page_id=1939\",\"name\":\"Merci \u00e0 nos g\u00e9n\u00e9reux partenaires - Club V\u00e9lo Stoneham\",\"isPartOf\":{\"@id\":\"https:\/\/clubvelostoneham.com\/#website\"},\"datePublished\":\"2016-01-18T13:27:23+00:00\",\"dateModified\":\"2017-02-25T00:35:51+00:00\",\"breadcrumb\":{\"@id\":\"https:\/\/clubvelostoneham.com\/?page_id=1939#breadcrumb\"},\"inLanguage\":\"fr-FR\",\"potentialAction\":[{\"@type\":\"ReadAction\",\"target\":[\"https:\/\/clubvelostoneham.com\/?page_id=1939\"]}]},{\"@type\":\"BreadcrumbList\",\"@id\":\"https:\/\/clubvelostoneham.com\/?page_id=1939#breadcrumb\",\"itemListElement\":[{\"@type\":\"ListItem\",\"position\":1,\"name\":\"Accueil\",\"item\":\"https:\/\/clubvelostoneham.com\/\"},{\"@type\":\"ListItem\",\"position\":2,\"name\":\"Merci \u00e0 nos g\u00e9n\u00e9reux partenaires\"}]},{\"@type\":\"WebSite\",\"@id\":\"https:\/\/clubvelostoneham.com\/#website\",\"url\":\"https:\/\/clubvelostoneham.com\/\",\"name\":\"Club V\u00e9lo Stoneham\",\"description\":\"Club V\u00e9lo Stoneham\",\"potentialAction\":[{\"@type\":\"SearchAction\",\"target\":{\"@type\":\"EntryPoint\",\"urlTemplate\":\"https:\/\/clubvelostoneham.com\/?s={search_term_string}\"},\"query-input\":{\"@type\":\"PropertyValueSpecification\",\"valueRequired\":true,\"valueName\":\"search_term_string\"}}],\"inLanguage\":\"fr-FR\"}]}<\/script>\n<!-- \/ Yoast SEO plugin. -->","yoast_head_json":{"title":"Merci \u00e0 nos g\u00e9n\u00e9reux partenaires - Club V\u00e9lo Stoneham","robots":{"index":"index","follow":"follow","max-snippet":"max-snippet:-1","max-image-preview":"max-image-preview:large","max-video-preview":"max-video-preview:-1"},"canonical":"https:\/\/clubvelostoneham.com\/?page_id=1939","og_locale":"fr_FR","og_type":"article","og_title":"Merci \u00e0 nos g\u00e9n\u00e9reux partenaires - Club V\u00e9lo Stoneham","og_url":"https:\/\/clubvelostoneham.com\/?page_id=1939","og_site_name":"Club V\u00e9lo Stoneham","article_modified_time":"2017-02-25T00:35:51+00:00","schema":{"@context":"https:\/\/schema.org","@graph":[{"@type":"WebPage","@id":"https:\/\/clubvelostoneham.com\/?page_id=1939","url":"https:\/\/clubvelostoneham.com\/?page_id=1939","name":"Merci \u00e0 nos g\u00e9n\u00e9reux partenaires - Club V\u00e9lo Stoneham","isPartOf":{"@id":"https:\/\/clubvelostoneham.com\/#website"},"datePublished":"2016-01-18T13:27:23+00:00","dateModified":"2017-02-25T00:35:51+00:00","breadcrumb":{"@id":"https:\/\/clubvelostoneham.com\/?page_id=1939#breadcrumb"},"inLanguage":"fr-FR","potentialAction":[{"@type":"ReadAction","target":["https:\/\/clubvelostoneham.com\/?page_id=1939"]}]},{"@type":"BreadcrumbList","@id":"https:\/\/clubvelostoneham.com\/?page_id=1939#breadcrumb","itemListElement":[{"@type":"ListItem","position":1,"name":"Accueil","item":"https:\/\/clubvelostoneham.com\/"},{"@type":"ListItem","position":2,"name":"Merci \u00e0 nos g\u00e9n\u00e9reux partenaires"}]},{"@type":"WebSite","@id":"https:\/\/clubvelostoneham.com\/#website","url":"https:\/\/clubvelostoneham.com\/","name":"Club V\u00e9lo Stoneham","description":"Club V\u00e9lo Stoneham","potentialAction":[{"@type":"SearchAction","target":{"@type":"EntryPoint","urlTemplate":"https:\/\/clubvelostoneham.com\/?s={search_term_string}"},"query-input":{"@type":"PropertyValueSpecification","valueRequired":true,"valueName":"search_term_string"}}],"inLanguage":"fr-FR"}]}},"jetpack_sharing_enabled":false,"jetpack_shortlink":"https:\/\/wp.me\/P78n5A-vh","_links":{"self":[{"href":"https:\/\/clubvelostoneham.com\/index.php?rest_route=\/wp\/v2\/pages\/1939","targetHints":{"allow":["GET"]}}],"collection":[{"href":"https:\/\/clubvelostoneham.com\/index.php?rest_route=\/wp\/v2\/pages"}],"about":[{"href":"https:\/\/clubvelostoneham.com\/index.php?rest_route=\/wp\/v2\/types\/page"}],"author":[{"embeddable":true,"href":"https:\/\/clubvelostoneham.com\/index.php?rest_route=\/wp\/v2\/users\/2"}],"replies":[{"embeddable":true,"href":"https:\/\/clubvelostoneham.com\/index.php?rest_route=%2Fwp%2Fv2%2Fcomments&post=1939"}],"version-history":[{"count":5,"href":"https:\/\/clubvelostoneham.com\/index.php?rest_route=\/wp\/v2\/pages\/1939\/revisions"}],"predecessor-version":[{"id":4258,"href":"https:\/\/clubvelostoneham.com\/index.php?rest_route=\/wp\/v2\/pages\/1939\/revisions\/4258"}],"wp:attachment":[{"href":"https:\/\/clubvelostoneham.com\/index.php?rest_route=%2Fwp%2Fv2%2Fmedia&parent=1939"}],"wp:term":[{"taxonomy":"category","embeddable":true,"href":"https:\/\/clubvelostoneham.com\/index.php?rest_route=%2Fwp%2Fv2%2Fcategories&post=1939"},{"taxonomy":"post_tag","embeddable":true,"href":"https:\/\/clubvelostoneham.com\/index.php?rest_route=%2Fwp%2Fv2%2Ftags&post=1939"}],"curies":[{"name":"wp","href":"https:\/\/api.w.org\/{rel}","templated":true}]}}