{"id":1419,"date":"2013-06-11T09:52:58","date_gmt":"2013-06-11T14:52:58","guid":{"rendered":"http:\/\/clubvelostoneham.com\/?page_id=1419"},"modified":"2016-01-23T08:24:24","modified_gmt":"2016-01-23T13:24:24","slug":"contact","status":"publish","type":"page","link":"https:\/\/clubvelostoneham.com\/?page_id=1419","title":{"rendered":"Contact"},"content":{"rendered":"<div class=\"row-fluid\">\n<div class=\"span6\">Club V\u00e9lo Stoneham<br \/>\n369 Chemin du Hibou<br \/>\nStoneham (Qu\u00e9bec) G3C 1S3<br \/>\n+1(418) 956-0843<\/p>\n<table style=\"height: 69px;\" border=\"0\" width=\"77\">\n<tbody>\n<tr>\n<td>\n<div class=\"contact-info\"><a href=\"mailto:clubvelostoneham@gmail.com\"><img loading=\"lazy\" decoding=\"async\" class=\"wp-image-1926 alignright\" src=\"http:\/\/clubvelostoneham.com\/wp-content\/uploads\/2013\/06\/Email_icon.png\" alt=\"Email_icon\" width=\"35\" height=\"35\" \/><\/a><\/div>\n<\/td>\n<td>\n<div class=\"contact-info\"><a href=\"https:\/\/www.facebook.com\/ClubVeloStoneham\/?fref=ts\"><img loading=\"lazy\" decoding=\"async\" class=\"alignright wp-image-1927\" src=\"http:\/\/clubvelostoneham.com\/wp-content\/uploads\/2013\/06\/facebook.png\" alt=\"facebook\" width=\"35\" height=\"35\" \/><\/a><\/div>\n<\/td>\n<\/tr>\n<\/tbody>\n<\/table>\n\n<div class=\"wpcf7 no-js\" id=\"wpcf7-f1430-o1\" lang=\"\" dir=\"ltr\" data-wpcf7-id=\"1430\">\n<div class=\"screen-reader-response\"><p role=\"status\" aria-live=\"polite\" aria-atomic=\"true\"><\/p> <ul><\/ul><\/div>\n<form action=\"\/index.php?rest_route=%2Fwp%2Fv2%2Fpages%2F1419#wpcf7-f1430-o1\" method=\"post\" class=\"wpcf7-form init\" aria-label=\"Formulaire de contact\" novalidate=\"novalidate\" data-status=\"init\">\n<fieldset class=\"hidden-fields-container\"><input type=\"hidden\" name=\"_wpcf7\" value=\"1430\" \/><input type=\"hidden\" name=\"_wpcf7_version\" value=\"6.1.2\" \/><input type=\"hidden\" name=\"_wpcf7_locale\" value=\"\" \/><input type=\"hidden\" name=\"_wpcf7_unit_tag\" value=\"wpcf7-f1430-o1\" \/><input type=\"hidden\" name=\"_wpcf7_container_post\" value=\"0\" \/><input type=\"hidden\" name=\"_wpcf7_posted_data_hash\" value=\"\" \/>\n<\/fieldset>\n<div class=\"control-group\">\n\t<p><label class=\"control-label\" for=\"author\"><\/label>\n\t<\/p>\n\t<div class=\"controls\">\n\t\t<p><span class=\"wpcf7-form-control-wrap\" data-name=\"your-name\"><input size=\"40\" maxlength=\"400\" class=\"wpcf7-form-control wpcf7-text wpcf7-validates-as-required\" aria-required=\"true\" aria-invalid=\"false\" placeholder=\"Nom\" value=\"\" type=\"text\" name=\"your-name\" \/><\/span>\n\t\t<\/p>\n\t<\/div>\n<\/div>\n<div class=\"control-group\">\n\t<p><label class=\"control-label\" for=\"author\"><\/label>\n\t<\/p>\n\t<div class=\"controls\">\n\t\t<p><span class=\"wpcf7-form-control-wrap\" data-name=\"email\"><input size=\"40\" maxlength=\"400\" class=\"wpcf7-form-control wpcf7-email wpcf7-validates-as-required wpcf7-text wpcf7-validates-as-email\" aria-required=\"true\" aria-invalid=\"false\" placeholder=\"Courriel\" value=\"\" type=\"email\" name=\"email\" \/><\/span>\n\t\t<\/p>\n\t<\/div>\n<\/div>\n<div class=\"control-group\">\n\t<p><label class=\"control-label\" for=\"author\"><\/label>\n\t<\/p>\n\t<div class=\"controls\">\n\t\t<p><span class=\"wpcf7-form-control-wrap\" data-name=\"sujet\"><input size=\"40\" maxlength=\"400\" class=\"wpcf7-form-control wpcf7-text\" aria-invalid=\"false\" placeholder=\"Sujet\" value=\"\" type=\"text\" name=\"sujet\" \/><\/span>\n\t\t<\/p>\n\t<\/div>\n<\/div>\n<div class=\"control-group\">\n\t<p><label class=\"control-label\" for=\"author\"><\/label>\n\t<\/p>\n\t<div class=\"controls\">\n\t\t<p><span class=\"wpcf7-form-control-wrap\" data-name=\"comment\"><textarea cols=\"40\" rows=\"10\" maxlength=\"2000\" class=\"wpcf7-form-control wpcf7-textarea\" aria-invalid=\"false\" placeholder=\"Commentaires\" name=\"comment\"><\/textarea><\/span>\n\t\t<\/p>\n\t<\/div>\n\t<p>[recaptcha]\n\t<\/p>\n\t<div class=\"control-group\">\n\t\t<div class=\"controls\">\n\t\t\t<p><input class=\"wpcf7-form-control wpcf7-submit has-spinner btn\" type=\"submit\" value=\"Envoyer\" \/>\n\t\t\t<\/p>\n\t\t<\/div>\n\t<\/div>\n<\/div><div class=\"wpcf7-response-output\" aria-hidden=\"true\"><\/div>\n<\/form>\n<\/div>\n\n<\/div>\n<\/div>\n","protected":false},"excerpt":{"rendered":"<p>Club V\u00e9lo Stoneham 369 Chemin du Hibou Stoneham (Qu\u00e9bec) G3C 1S3 +1(418) 956-0843<\/p>\n","protected":false},"author":2,"featured_media":0,"parent":0,"menu_order":0,"comment_status":"closed","ping_status":"closed","template":"","meta":{"ngg_post_thumbnail":0,"footnotes":""},"categories":[],"tags":[],"class_list":["post-1419","page","type-page","status-publish","hentry"],"yoast_head":"<!-- This site is optimized with the Yoast SEO plugin v26.1.1 - https:\/\/yoast.com\/wordpress\/plugins\/seo\/ -->\n<title>Contact - Club V\u00e9lo Stoneham<\/title>\n<meta name=\"robots\" content=\"index, follow, max-snippet:-1, max-image-preview:large, max-video-preview:-1\" \/>\n<link rel=\"canonical\" href=\"https:\/\/clubvelostoneham.com\/?page_id=1419\" \/>\n<meta property=\"og:locale\" content=\"fr_FR\" \/>\n<meta property=\"og:type\" content=\"article\" \/>\n<meta property=\"og:title\" content=\"Contact - Club V\u00e9lo Stoneham\" \/>\n<meta property=\"og:description\" content=\"Club V\u00e9lo Stoneham 369 Chemin du Hibou Stoneham (Qu\u00e9bec) G3C 1S3 +1(418) 956-0843\" \/>\n<meta property=\"og:url\" content=\"https:\/\/clubvelostoneham.com\/?page_id=1419\" \/>\n<meta property=\"og:site_name\" content=\"Club V\u00e9lo Stoneham\" \/>\n<meta property=\"article:modified_time\" content=\"2016-01-23T13:24:24+00:00\" \/>\n<meta property=\"og:image\" content=\"http:\/\/clubvelostoneham.com\/wp-content\/uploads\/2013\/06\/Email_icon.png\" \/>\n<script type=\"application\/ld+json\" class=\"yoast-schema-graph\">{\"@context\":\"https:\/\/schema.org\",\"@graph\":[{\"@type\":\"WebPage\",\"@id\":\"https:\/\/clubvelostoneham.com\/?page_id=1419\",\"url\":\"https:\/\/clubvelostoneham.com\/?page_id=1419\",\"name\":\"Contact - Club V\u00e9lo Stoneham\",\"isPartOf\":{\"@id\":\"https:\/\/clubvelostoneham.com\/#website\"},\"primaryImageOfPage\":{\"@id\":\"https:\/\/clubvelostoneham.com\/?page_id=1419#primaryimage\"},\"image\":{\"@id\":\"https:\/\/clubvelostoneham.com\/?page_id=1419#primaryimage\"},\"thumbnailUrl\":\"http:\/\/clubvelostoneham.com\/wp-content\/uploads\/2013\/06\/Email_icon.png\",\"datePublished\":\"2013-06-11T14:52:58+00:00\",\"dateModified\":\"2016-01-23T13:24:24+00:00\",\"breadcrumb\":{\"@id\":\"https:\/\/clubvelostoneham.com\/?page_id=1419#breadcrumb\"},\"inLanguage\":\"fr-FR\",\"potentialAction\":[{\"@type\":\"ReadAction\",\"target\":[\"https:\/\/clubvelostoneham.com\/?page_id=1419\"]}]},{\"@type\":\"ImageObject\",\"inLanguage\":\"fr-FR\",\"@id\":\"https:\/\/clubvelostoneham.com\/?page_id=1419#primaryimage\",\"url\":\"https:\/\/clubvelostoneham.com\/wp-content\/uploads\/2013\/06\/Email_icon.png\",\"contentUrl\":\"https:\/\/clubvelostoneham.com\/wp-content\/uploads\/2013\/06\/Email_icon.png\",\"width\":150,\"height\":150},{\"@type\":\"BreadcrumbList\",\"@id\":\"https:\/\/clubvelostoneham.com\/?page_id=1419#breadcrumb\",\"itemListElement\":[{\"@type\":\"ListItem\",\"position\":1,\"name\":\"Accueil\",\"item\":\"https:\/\/clubvelostoneham.com\/\"},{\"@type\":\"ListItem\",\"position\":2,\"name\":\"Contact\"}]},{\"@type\":\"WebSite\",\"@id\":\"https:\/\/clubvelostoneham.com\/#website\",\"url\":\"https:\/\/clubvelostoneham.com\/\",\"name\":\"Club V\u00e9lo Stoneham\",\"description\":\"Club V\u00e9lo Stoneham\",\"potentialAction\":[{\"@type\":\"SearchAction\",\"target\":{\"@type\":\"EntryPoint\",\"urlTemplate\":\"https:\/\/clubvelostoneham.com\/?s={search_term_string}\"},\"query-input\":{\"@type\":\"PropertyValueSpecification\",\"valueRequired\":true,\"valueName\":\"search_term_string\"}}],\"inLanguage\":\"fr-FR\"}]}<\/script>\n<!-- \/ Yoast SEO plugin. -->","yoast_head_json":{"title":"Contact - Club V\u00e9lo Stoneham","robots":{"index":"index","follow":"follow","max-snippet":"max-snippet:-1","max-image-preview":"max-image-preview:large","max-video-preview":"max-video-preview:-1"},"canonical":"https:\/\/clubvelostoneham.com\/?page_id=1419","og_locale":"fr_FR","og_type":"article","og_title":"Contact - Club V\u00e9lo Stoneham","og_description":"Club V\u00e9lo Stoneham 369 Chemin du Hibou Stoneham (Qu\u00e9bec) G3C 1S3 +1(418) 956-0843","og_url":"https:\/\/clubvelostoneham.com\/?page_id=1419","og_site_name":"Club V\u00e9lo Stoneham","article_modified_time":"2016-01-23T13:24:24+00:00","og_image":[{"url":"http:\/\/clubvelostoneham.com\/wp-content\/uploads\/2013\/06\/Email_icon.png","type":"","width":"","height":""}],"schema":{"@context":"https:\/\/schema.org","@graph":[{"@type":"WebPage","@id":"https:\/\/clubvelostoneham.com\/?page_id=1419","url":"https:\/\/clubvelostoneham.com\/?page_id=1419","name":"Contact - Club V\u00e9lo Stoneham","isPartOf":{"@id":"https:\/\/clubvelostoneham.com\/#website"},"primaryImageOfPage":{"@id":"https:\/\/clubvelostoneham.com\/?page_id=1419#primaryimage"},"image":{"@id":"https:\/\/clubvelostoneham.com\/?page_id=1419#primaryimage"},"thumbnailUrl":"http:\/\/clubvelostoneham.com\/wp-content\/uploads\/2013\/06\/Email_icon.png","datePublished":"2013-06-11T14:52:58+00:00","dateModified":"2016-01-23T13:24:24+00:00","breadcrumb":{"@id":"https:\/\/clubvelostoneham.com\/?page_id=1419#breadcrumb"},"inLanguage":"fr-FR","potentialAction":[{"@type":"ReadAction","target":["https:\/\/clubvelostoneham.com\/?page_id=1419"]}]},{"@type":"ImageObject","inLanguage":"fr-FR","@id":"https:\/\/clubvelostoneham.com\/?page_id=1419#primaryimage","url":"https:\/\/clubvelostoneham.com\/wp-content\/uploads\/2013\/06\/Email_icon.png","contentUrl":"https:\/\/clubvelostoneham.com\/wp-content\/uploads\/2013\/06\/Email_icon.png","width":150,"height":150},{"@type":"BreadcrumbList","@id":"https:\/\/clubvelostoneham.com\/?page_id=1419#breadcrumb","itemListElement":[{"@type":"ListItem","position":1,"name":"Accueil","item":"https:\/\/clubvelostoneham.com\/"},{"@type":"ListItem","position":2,"name":"Contact"}]},{"@type":"WebSite","@id":"https:\/\/clubvelostoneham.com\/#website","url":"https:\/\/clubvelostoneham.com\/","name":"Club V\u00e9lo Stoneham","description":"Club V\u00e9lo Stoneham","potentialAction":[{"@type":"SearchAction","target":{"@type":"EntryPoint","urlTemplate":"https:\/\/clubvelostoneham.com\/?s={search_term_string}"},"query-input":{"@type":"PropertyValueSpecification","valueRequired":true,"valueName":"search_term_string"}}],"inLanguage":"fr-FR"}]}},"jetpack_sharing_enabled":true,"jetpack_shortlink":"https:\/\/wp.me\/P78n5A-mT","_links":{"self":[{"href":"https:\/\/clubvelostoneham.com\/index.php?rest_route=\/wp\/v2\/pages\/1419","targetHints":{"allow":["GET"]}}],"collection":[{"href":"https:\/\/clubvelostoneham.com\/index.php?rest_route=\/wp\/v2\/pages"}],"about":[{"href":"https:\/\/clubvelostoneham.com\/index.php?rest_route=\/wp\/v2\/types\/page"}],"author":[{"embeddable":true,"href":"https:\/\/clubvelostoneham.com\/index.php?rest_route=\/wp\/v2\/users\/2"}],"replies":[{"embeddable":true,"href":"https:\/\/clubvelostoneham.com\/index.php?rest_route=%2Fwp%2Fv2%2Fcomments&post=1419"}],"version-history":[{"count":21,"href":"https:\/\/clubvelostoneham.com\/index.php?rest_route=\/wp\/v2\/pages\/1419\/revisions"}],"predecessor-version":[{"id":2269,"href":"https:\/\/clubvelostoneham.com\/index.php?rest_route=\/wp\/v2\/pages\/1419\/revisions\/2269"}],"wp:attachment":[{"href":"https:\/\/clubvelostoneham.com\/index.php?rest_route=%2Fwp%2Fv2%2Fmedia&parent=1419"}],"wp:term":[{"taxonomy":"category","embeddable":true,"href":"https:\/\/clubvelostoneham.com\/index.php?rest_route=%2Fwp%2Fv2%2Fcategories&post=1419"},{"taxonomy":"post_tag","embeddable":true,"href":"https:\/\/clubvelostoneham.com\/index.php?rest_route=%2Fwp%2Fv2%2Ftags&post=1419"}],"curies":[{"name":"wp","href":"https:\/\/api.w.org\/{rel}","templated":true}]}}