{"id":1149,"date":"2016-01-15T18:21:12","date_gmt":"2016-01-15T23:21:12","guid":{"rendered":"http:\/\/wptest.io\/demo\/?page_id=1086"},"modified":"2025-01-11T07:54:25","modified_gmt":"2025-01-11T12:54:25","slug":"about","status":"publish","type":"page","link":"https:\/\/clubvelostoneham.com\/?page_id=1149","title":{"rendered":"\u00c0 Propos"},"content":{"rendered":"<p><strong><u>LE CLUB\u00a0:<\/u><\/strong><\/p>\r\n<p><strong>Nom\u00a0:<\/strong> Club V\u00e9lo Stoneham<\/p>\r\n<p><strong>Si\u00e8ge social<\/strong>\u00a0: 369 Chemin du Hibou \u00e0 Stoneham, G3C 1S3<\/p>\r\n<p><strong>Date de constitution<\/strong>\u00a0: 15 Mai 2012<\/p>\r\n<p><strong>Ann\u00e9e Comptable\u00a0:<\/strong> 1<sup>er<\/sup> d\u00e9cembre au 30 Novembre<\/p>\r\n<p><strong>Organisation\u00a0:<\/strong> Il s\u2019agit d\u2019une association \u00e0 but non lucratif.<\/p>\r\n<p>&nbsp;<\/p>\r\n<p><strong><u>MISSION\u00a0:<\/u><\/strong><\/p>\r\n<p>Le Club V\u00e9lo Stoneham regroupe des adeptes de v\u00e9lo de tous les niveaux de la r\u00e9gion dans le but de favoriser la pratique de cette activit\u00e9 dans des conditions s\u00e9curitaires et de contribuer au d\u00e9veloppement du cyclisme dans notre communaut\u00e9. Il repr\u00e9sente, au besoin, les membres du Club V\u00e9lo Stoneham dans le milieu ou aupr\u00e8s des instances de tous les niveaux.<\/p>\r\n<p><strong><u>NOS MOTIVATIONS DE D\u00c9PART\u00a0ET HISTORIQUE : <\/u><\/strong><\/p>\r\n<p>La r\u00e9gion de Stoneham-et-Tewkesbury compte un grand nombre de cyclistes de route et aucun club n\u2019existait afin de les regrouper. Pour bien \u00e9valuer l\u2019int\u00e9r\u00eat de la population des cantons unis \u00e0 former une association, nous avons donc \u00e9labor\u00e9 dans l\u2019hiver 2011\/ 2012 un sondage et avons re\u00e7u 55 r\u00e9ponses favorables au d\u00e9marrage d\u2019un club. Nous avons ensuite contact\u00e9 plusieurs entreprises de la r\u00e9gion afin de leur proposer un partenariat et avons \u00e9t\u00e9 ravis de constater leur enthousiasme \u00e0 nous supporter dans ce projet.<\/p>\r\n<p>C\u2019est donc l\u2019envie de s\u2019impliquer dans la communaut\u00e9 et d\u2019encourager la population locale \u00e0 pratiquer le v\u00e9lo de route en groupe et \u00e0 aimer ce sport, qui nous a pouss\u00e9e \u00e0 cr\u00e9er le Club V\u00e9lo Stoneham.<\/p>\r\n<p>Le club v\u00e9lo Stoneham comptait 28 membres la premi\u00e8re ann\u00e9e et aujourd\u2019hui plus de 150 membres.<\/p>\r\n<p><strong><u>ENCADREMENT ET SECURIT\u00c9\u00a0:<\/u><\/strong><\/p>\r\n<p>Les parcours du samedi ont tous \u00e9t\u00e9 roul\u00e9s au pr\u00e9alable et un compte rendu est transmis au CA. Cela nous permet de modifier certains parcours afin d\u2019\u00e9viter d\u2019\u00e9ventuels travaux ou \u00eatre en conflit avec certains \u00e9v\u00e9nements et bien s\u00fbr rendre nos randonn\u00e9es s\u00e9curitaires.<\/p>\r\n<p><strong><u>RENDEZ-VOUS TECHNIQUES<\/u><\/strong><\/p>\r\n<p>Chaque ann\u00e9e nous offrons un atelier m\u00e9canique, une formation pour les encadreurs et les nouveaux membres.<\/p>\r\n<p><strong><u>NOS SORTIES HEBDOMADAIRES<\/u><\/strong><\/p>\r\n<p>Tous les samedis matins de la mi-avril \u00e0 la mi-octobre.<\/p>\r\n<p>Les horaires de d\u00e9part sont variables suivant les saisons.<\/p>\r\n<p>Nous avons plusieurs groupes de vitesses allant de 27 Km\/h \u00e0 32Km\/h et plus, \u00e9galement trois (2)distances sont propos\u00e9es, un parcours long de 70 \u00e0 120 kilom\u00e8tres (d\u00e9pendamment du moment de la saison), un parcours court de 60 \u00e0 90 kilom\u00e8tres.<\/p>\r\n<p>Les sorties sont vari\u00e9es en alternant des longues distances sans trop de d\u00e9nivellations et de plus courtes distances avec de plus forts d\u00e9nivel\u00e9s. Celles-ci sont majoritairement au d\u00e9part de Stoneham.<\/p>\r\n<p>Afin de cr\u00e9er des liens avec nos partenaires, nous organisons une randonn\u00e9e depuis chez eux et suivie, lorsque possible, d\u2019une visite d\u2019entreprise et d\u2019une large collation.<\/p>\r\n<p><strong><u>ACTIVIT\u00c9S SOCIALES, VOYAGES &amp; \u00c9V\u00c9NEMENTS SP\u00c9CIAUX<\/u><\/strong><\/p>\r\n<p>Trois soir\u00e9es sont organis\u00e9es dans la saison, \u00e0 savoir la soir\u00e9e d&rsquo;ouverture, le BBQ de mi-saison et la soir\u00e9e de fermeture.<\/p>\r\n<p>Des activit\u00e9s saisonni\u00e8res (ski de fond, FatBike, MTB, Gravel bike, raquette) peuvent aussi \u00eatre organis\u00e9es, suivies d\u2019un go\u00fbter. Ces activit\u00e9s se tiennent g\u00e9n\u00e9ralement le dimanche.<\/p>\r\n<p>Deux \u00e0 trois voyages \u00e0 l\u2019ext\u00e9rieur de la r\u00e9gion sont organis\u00e9s dans l\u2019ann\u00e9e, soit en formule longue fin de semaine, soit en formule \u00ab\u00a0une journ\u00e9e\u00a0\u00bb.<\/p>\r\n<p><em>Toutes les informations relatives \u00e0 toutes les activit\u00e9s du club sont inscrites dans notre calendrier que nous mettons \u00e0 jour r\u00e9guli\u00e8rement.<\/em><\/p>\r\n<p><strong><u>MAILLOTS: <\/u><\/strong><\/p>\r\n<p>Le maillot est simple et \u00e9pur\u00e9, et seules les distinctions \u00ab\u00a0CVS\u00a0\u00bb\u00a0 et \u00a0\u00bb Club V\u00e9lo Stoneham\u00a0\u00bb figurent sur nos tenues. Impossible de ne pas voir la provenance de nos cyclistes et nous en sommes fiers!<\/p>\r\n<p>Afin que notre communaut\u00e9 et nos partenaires soit bien repr\u00e9sent\u00e9s, le port d&rsquo;un maillot officiel du club CVS est obligatoire lors de chacune de ses sorties.<\/p>\r\n<p>La qualit\u00e9 et le design sont des plus soigneusement \u00e9labor\u00e9s et r\u00e9vis\u00e9s r\u00e9guli\u00e8rement.<\/p>\r\n\r\n<p>&nbsp;<\/p>\r\n","protected":false},"excerpt":{"rendered":"<p>LE CLUB\u00a0: Nom\u00a0: Club V\u00e9lo Stoneham Si\u00e8ge social\u00a0: 369 Chemin du Hibou \u00e0 Stoneham, G3C 1S3 Date de constitution\u00a0: 15 Mai 2012 Ann\u00e9e Comptable\u00a0: 1er d\u00e9cembre au 30 Novembre Organisation\u00a0: Il s\u2019agit d\u2019une association \u00e0 but non lucratif. &nbsp; MISSION\u00a0:\u2026<\/p>\n","protected":false},"author":2,"featured_media":0,"parent":0,"menu_order":0,"comment_status":"closed","ping_status":"closed","template":"","meta":{"ngg_post_thumbnail":0,"footnotes":""},"categories":[],"tags":[],"class_list":["post-1149","page","type-page","status-publish","hentry"],"yoast_head":"<!-- This site is optimized with the Yoast SEO plugin v26.1.1 - https:\/\/yoast.com\/wordpress\/plugins\/seo\/ -->\n<title>\u00c0 Propos - Club V\u00e9lo Stoneham<\/title>\n<meta name=\"robots\" content=\"index, follow, max-snippet:-1, max-image-preview:large, max-video-preview:-1\" \/>\n<link rel=\"canonical\" href=\"https:\/\/clubvelostoneham.com\/?page_id=1149\" \/>\n<meta property=\"og:locale\" content=\"fr_FR\" \/>\n<meta property=\"og:type\" content=\"article\" \/>\n<meta property=\"og:title\" content=\"\u00c0 Propos - Club V\u00e9lo Stoneham\" \/>\n<meta property=\"og:description\" content=\"LE CLUB\u00a0: Nom\u00a0: Club V\u00e9lo Stoneham Si\u00e8ge social\u00a0: 369 Chemin du Hibou \u00e0 Stoneham, G3C 1S3 Date de constitution\u00a0: 15 Mai 2012 Ann\u00e9e Comptable\u00a0: 1er d\u00e9cembre au 30 Novembre Organisation\u00a0: Il s\u2019agit d\u2019une association \u00e0 but non lucratif. &nbsp; MISSION\u00a0:\u2026\" \/>\n<meta property=\"og:url\" content=\"https:\/\/clubvelostoneham.com\/?page_id=1149\" \/>\n<meta property=\"og:site_name\" content=\"Club V\u00e9lo Stoneham\" \/>\n<meta property=\"article:modified_time\" content=\"2025-01-11T12:54:25+00:00\" \/>\n<meta name=\"twitter:label1\" content=\"Dur\u00e9e de lecture estim\u00e9e\" \/>\n\t<meta name=\"twitter:data1\" content=\"4 minutes\" \/>\n<script type=\"application\/ld+json\" class=\"yoast-schema-graph\">{\"@context\":\"https:\/\/schema.org\",\"@graph\":[{\"@type\":\"WebPage\",\"@id\":\"https:\/\/clubvelostoneham.com\/?page_id=1149\",\"url\":\"https:\/\/clubvelostoneham.com\/?page_id=1149\",\"name\":\"\u00c0 Propos - Club V\u00e9lo Stoneham\",\"isPartOf\":{\"@id\":\"https:\/\/clubvelostoneham.com\/#website\"},\"datePublished\":\"2016-01-15T23:21:12+00:00\",\"dateModified\":\"2025-01-11T12:54:25+00:00\",\"breadcrumb\":{\"@id\":\"https:\/\/clubvelostoneham.com\/?page_id=1149#breadcrumb\"},\"inLanguage\":\"fr-FR\",\"potentialAction\":[{\"@type\":\"ReadAction\",\"target\":[\"https:\/\/clubvelostoneham.com\/?page_id=1149\"]}]},{\"@type\":\"BreadcrumbList\",\"@id\":\"https:\/\/clubvelostoneham.com\/?page_id=1149#breadcrumb\",\"itemListElement\":[{\"@type\":\"ListItem\",\"position\":1,\"name\":\"Accueil\",\"item\":\"https:\/\/clubvelostoneham.com\/\"},{\"@type\":\"ListItem\",\"position\":2,\"name\":\"\u00c0 Propos\"}]},{\"@type\":\"WebSite\",\"@id\":\"https:\/\/clubvelostoneham.com\/#website\",\"url\":\"https:\/\/clubvelostoneham.com\/\",\"name\":\"Club V\u00e9lo Stoneham\",\"description\":\"Club V\u00e9lo Stoneham\",\"potentialAction\":[{\"@type\":\"SearchAction\",\"target\":{\"@type\":\"EntryPoint\",\"urlTemplate\":\"https:\/\/clubvelostoneham.com\/?s={search_term_string}\"},\"query-input\":{\"@type\":\"PropertyValueSpecification\",\"valueRequired\":true,\"valueName\":\"search_term_string\"}}],\"inLanguage\":\"fr-FR\"}]}<\/script>\n<!-- \/ Yoast SEO plugin. -->","yoast_head_json":{"title":"\u00c0 Propos - Club V\u00e9lo Stoneham","robots":{"index":"index","follow":"follow","max-snippet":"max-snippet:-1","max-image-preview":"max-image-preview:large","max-video-preview":"max-video-preview:-1"},"canonical":"https:\/\/clubvelostoneham.com\/?page_id=1149","og_locale":"fr_FR","og_type":"article","og_title":"\u00c0 Propos - Club V\u00e9lo Stoneham","og_description":"LE CLUB\u00a0: Nom\u00a0: Club V\u00e9lo Stoneham Si\u00e8ge social\u00a0: 369 Chemin du Hibou \u00e0 Stoneham, G3C 1S3 Date de constitution\u00a0: 15 Mai 2012 Ann\u00e9e Comptable\u00a0: 1er d\u00e9cembre au 30 Novembre Organisation\u00a0: Il s\u2019agit d\u2019une association \u00e0 but non lucratif. &nbsp; MISSION\u00a0:\u2026","og_url":"https:\/\/clubvelostoneham.com\/?page_id=1149","og_site_name":"Club V\u00e9lo Stoneham","article_modified_time":"2025-01-11T12:54:25+00:00","twitter_misc":{"Dur\u00e9e de lecture estim\u00e9e":"4 minutes"},"schema":{"@context":"https:\/\/schema.org","@graph":[{"@type":"WebPage","@id":"https:\/\/clubvelostoneham.com\/?page_id=1149","url":"https:\/\/clubvelostoneham.com\/?page_id=1149","name":"\u00c0 Propos - Club V\u00e9lo Stoneham","isPartOf":{"@id":"https:\/\/clubvelostoneham.com\/#website"},"datePublished":"2016-01-15T23:21:12+00:00","dateModified":"2025-01-11T12:54:25+00:00","breadcrumb":{"@id":"https:\/\/clubvelostoneham.com\/?page_id=1149#breadcrumb"},"inLanguage":"fr-FR","potentialAction":[{"@type":"ReadAction","target":["https:\/\/clubvelostoneham.com\/?page_id=1149"]}]},{"@type":"BreadcrumbList","@id":"https:\/\/clubvelostoneham.com\/?page_id=1149#breadcrumb","itemListElement":[{"@type":"ListItem","position":1,"name":"Accueil","item":"https:\/\/clubvelostoneham.com\/"},{"@type":"ListItem","position":2,"name":"\u00c0 Propos"}]},{"@type":"WebSite","@id":"https:\/\/clubvelostoneham.com\/#website","url":"https:\/\/clubvelostoneham.com\/","name":"Club V\u00e9lo Stoneham","description":"Club V\u00e9lo Stoneham","potentialAction":[{"@type":"SearchAction","target":{"@type":"EntryPoint","urlTemplate":"https:\/\/clubvelostoneham.com\/?s={search_term_string}"},"query-input":{"@type":"PropertyValueSpecification","valueRequired":true,"valueName":"search_term_string"}}],"inLanguage":"fr-FR"}]}},"jetpack_sharing_enabled":false,"jetpack_shortlink":"https:\/\/wp.me\/P78n5A-ix","_links":{"self":[{"href":"https:\/\/clubvelostoneham.com\/index.php?rest_route=\/wp\/v2\/pages\/1149","targetHints":{"allow":["GET"]}}],"collection":[{"href":"https:\/\/clubvelostoneham.com\/index.php?rest_route=\/wp\/v2\/pages"}],"about":[{"href":"https:\/\/clubvelostoneham.com\/index.php?rest_route=\/wp\/v2\/types\/page"}],"author":[{"embeddable":true,"href":"https:\/\/clubvelostoneham.com\/index.php?rest_route=\/wp\/v2\/users\/2"}],"replies":[{"embeddable":true,"href":"https:\/\/clubvelostoneham.com\/index.php?rest_route=%2Fwp%2Fv2%2Fcomments&post=1149"}],"version-history":[{"count":10,"href":"https:\/\/clubvelostoneham.com\/index.php?rest_route=\/wp\/v2\/pages\/1149\/revisions"}],"predecessor-version":[{"id":5044,"href":"https:\/\/clubvelostoneham.com\/index.php?rest_route=\/wp\/v2\/pages\/1149\/revisions\/5044"}],"wp:attachment":[{"href":"https:\/\/clubvelostoneham.com\/index.php?rest_route=%2Fwp%2Fv2%2Fmedia&parent=1149"}],"wp:term":[{"taxonomy":"category","embeddable":true,"href":"https:\/\/clubvelostoneham.com\/index.php?rest_route=%2Fwp%2Fv2%2Fcategories&post=1149"},{"taxonomy":"post_tag","embeddable":true,"href":"https:\/\/clubvelostoneham.com\/index.php?rest_route=%2Fwp%2Fv2%2Ftags&post=1149"}],"curies":[{"name":"wp","href":"https:\/\/api.w.org\/{rel}","templated":true}]}}