{"id":1064,"date":"2016-01-15T17:56:11","date_gmt":"2016-01-15T22:56:11","guid":{"rendered":"http:\/\/wptest.io\/demo\/?page_id=1064"},"modified":"2026-01-12T10:59:38","modified_gmt":"2026-01-12T15:59:38","slug":"accueil","status":"publish","type":"page","link":"https:\/\/clubvelostoneham.com\/","title":{"rendered":"Accueil"},"content":{"rendered":"<h3 style=\"text-align: center;\"><strong><em>\u00ab Rouler CVS, c\u2019est avantageux! \u00bb<\/em><\/strong><\/h3>\n<h4 style=\"text-align: center; color: #f00;\">La p\u00e9riode des inscriptions pour 2026 est en cours. Cliquer <a href=\"https:\/\/docs.google.com\/forms\/d\/1YJakIWlW4xFxVq6vvAgiM45zwsVvGZUK6sVDSC_2glA\/edit\"><strong>Inscription<\/strong><\/a> pour y acc\u00e9der!<\/h4>\n<p style=\"text-align: center;\"><em><strong><span style=\"color: #00ccff;\">La date de soir\u00e9e d&rsquo;essayage vous sera transmise sous peu. Les commandes de v\u00eatements 2026 seront ouvert bient\u00f4t!<\/span><\/strong><\/em><\/p>\n<p style=\"text-align: center;\"><strong><em>Vous pouvez communiquer avec <a href=\"clubvelostoneham@gmail.com\">CVS<\/a> pour plus de renseignements!<\/em><\/strong><\/p>\n<p><img loading=\"lazy\" decoding=\"async\" class=\"size-medium wp-image-5046 aligncenter\" src=\"http:\/\/clubvelostoneham.com\/wp-content\/uploads\/2025\/05\/cvs-2024.png\" alt=\"\" width=\"477\" height=\"400\"><\/p>\n<blockquote>\n<h3 style=\"text-align: center;\">Bienvenue dans l\u2019arri\u00e8re-pays&nbsp;!<\/h3>\n<\/blockquote>\n<p>Stoneham, une des plus belles r\u00e9gions du Qu\u00e9bec, avec nos c\u00e9l\u00e8bres \u00ab&nbsp;\u00c9querres&nbsp;\u00bb et notre Parc de la Jacques Cartier, a donn\u00e9 naissance, en 2012, \u00e0 notre club de v\u00e9lo qui n\u2019a cess\u00e9 de s\u2019\u00e9toffer tout au long des kilom\u00e8tres parcourus et des rencontres sociales. D\u2019un d\u00e9but modeste, le club en vint \u00e0 rassembler des gens qui ne se connaissaient pas et qui \u00e9taient pourtant voisins!<\/p>\n<p>Quelle belle opportunit\u00e9 de pouvoir se regrouper entre personnes partageant la m\u00eame passion, notre plaisir n\u2019\u00e9tant pas de rouler pour rouler, mais plut\u00f4t d\u2019apprendre \u00e0 rouler en groupe de fa\u00e7on s\u00e9curitaire et de s\u2019am\u00e9liorer gr\u00e2ce aux entrainements du mercredi dans le but d\u2019appr\u00e9cier encore plus le v\u00e9lo! Nos sorties du samedi sont d\u2019une grande vari\u00e9t\u00e9 de trajets, tant par les paysages et les distances que les d\u00e9nivellations, comblant tous les go\u00fbts.<\/p>\n<p>Enfin, pour tisser des liens encore plus forts, nos petits voyages de v\u00e9lo et nos soir\u00e9es sociales compl\u00e8tent nos activit\u00e9s de club.<\/p>\n<p style=\"text-align: center;\">Nous vous souhaitons une excellente saison.<\/p>\n<p style=\"text-align: center;\"><div id=\"metaslider-id-2147\" style=\"max-width: 500px; margin: 0 auto;\" class=\"ml-slider-3-101-0 metaslider metaslider-flex metaslider-2147 ml-slider ms-theme-default nav-hidden\" role=\"region\" aria-label=\"Nouveau diaporama\" data-height=\"300\" data-width=\"500\">\n    <div id=\"metaslider_container_2147\">\n        <div id=\"metaslider_2147\">\n            <ul class='slides'>\n                <li style=\"display: block; width: 100%;\" class=\"slide-4769 ms-image \" aria-roledescription=\"slide\" data-date=\"2021-05-10 16:09:30\"><img loading=\"lazy\" decoding=\"async\" src=\"https:\/\/clubvelostoneham.com\/wp-content\/uploads\/2021\/05\/CVS-111-500x300.jpeg\" height=\"300\" width=\"500\" alt=\"\" class=\"slider-2147 slide-4769 msDefaultImage\" title=\"CVS-111\" \/><\/li>\n                <li style=\"display: none; width: 100%;\" class=\"slide-4768 ms-image \" aria-roledescription=\"slide\" data-date=\"2021-05-10 16:09:30\"><img loading=\"lazy\" decoding=\"async\" src=\"https:\/\/clubvelostoneham.com\/wp-content\/uploads\/2021\/05\/CVS-110-500x300.jpg\" height=\"300\" width=\"500\" alt=\"\" class=\"slider-2147 slide-4768 msDefaultImage\" title=\"CVS-110\" \/><\/li>\n                <li style=\"display: none; width: 100%;\" class=\"slide-4774 ms-image \" aria-roledescription=\"slide\" data-date=\"2021-05-10 16:09:31\"><img loading=\"lazy\" decoding=\"async\" src=\"https:\/\/clubvelostoneham.com\/wp-content\/uploads\/2021\/05\/CVS-116-500x300.jpg\" height=\"300\" width=\"500\" alt=\"\" class=\"slider-2147 slide-4774 msDefaultImage\" title=\"CVS-116\" \/><\/li>\n                <li style=\"display: none; width: 100%;\" class=\"slide-4761 ms-image \" aria-roledescription=\"slide\" data-date=\"2021-05-10 16:09:30\"><img loading=\"lazy\" decoding=\"async\" src=\"https:\/\/clubvelostoneham.com\/wp-content\/uploads\/2021\/05\/CVS-103-500x300.jpg\" height=\"300\" width=\"500\" alt=\"\" class=\"slider-2147 slide-4761 msDefaultImage\" title=\"CVS-103\" \/><\/li>\n                <li style=\"display: none; width: 100%;\" class=\"slide-4778 ms-image \" aria-roledescription=\"slide\" data-date=\"2021-05-28 08:02:15\"><img loading=\"lazy\" decoding=\"async\" src=\"https:\/\/clubvelostoneham.com\/wp-content\/uploads\/2021\/05\/CVS_Mano-mano-500x300.jpg\" height=\"300\" width=\"500\" alt=\"\" class=\"slider-2147 slide-4778 msDefaultImage\" title=\"CVS_Mano-mano\" \/><\/li>\n                <li style=\"display: none; width: 100%;\" class=\"slide-4764 ms-image \" aria-roledescription=\"slide\" data-date=\"2021-05-10 16:09:30\"><img loading=\"lazy\" decoding=\"async\" src=\"https:\/\/clubvelostoneham.com\/wp-content\/uploads\/2021\/05\/CVS-106-500x300.jpg\" height=\"300\" width=\"500\" alt=\"\" class=\"slider-2147 slide-4764 msDefaultImage\" title=\"CVS-106\" \/><\/li>\n                <li style=\"display: none; width: 100%;\" class=\"slide-4760 ms-image \" aria-roledescription=\"slide\" data-date=\"2021-05-10 16:09:30\"><img loading=\"lazy\" decoding=\"async\" src=\"https:\/\/clubvelostoneham.com\/wp-content\/uploads\/2021\/05\/CVS-102-500x300.jpg\" height=\"300\" width=\"500\" alt=\"\" class=\"slider-2147 slide-4760 msDefaultImage\" title=\"CVS-102\" \/><\/li>\n                <li style=\"display: none; width: 100%;\" class=\"slide-4773 ms-image \" aria-roledescription=\"slide\" data-date=\"2021-05-10 16:09:31\"><img loading=\"lazy\" decoding=\"async\" src=\"https:\/\/clubvelostoneham.com\/wp-content\/uploads\/2021\/05\/CVS-115-500x300.jpg\" height=\"300\" width=\"500\" alt=\"\" class=\"slider-2147 slide-4773 msDefaultImage\" title=\"CVS-115\" \/><\/li>\n                <li style=\"display: none; width: 100%;\" class=\"slide-4766 ms-image \" aria-roledescription=\"slide\" data-date=\"2021-05-10 16:09:30\"><img loading=\"lazy\" decoding=\"async\" src=\"https:\/\/clubvelostoneham.com\/wp-content\/uploads\/2021\/05\/CVS-108-500x300.jpg\" height=\"300\" width=\"500\" alt=\"\" class=\"slider-2147 slide-4766 msDefaultImage\" title=\"CVS-108\" \/><\/li>\n                <li style=\"display: none; width: 100%;\" class=\"slide-4775 ms-image \" aria-roledescription=\"slide\" data-date=\"2021-05-10 16:09:31\"><img loading=\"lazy\" decoding=\"async\" src=\"https:\/\/clubvelostoneham.com\/wp-content\/uploads\/2021\/05\/CVS-117-500x300.jpg\" height=\"300\" width=\"500\" alt=\"\" class=\"slider-2147 slide-4775 msDefaultImage\" title=\"CVS-117\" \/><\/li>\n                <li style=\"display: none; width: 100%;\" class=\"slide-4772 ms-image \" aria-roledescription=\"slide\" data-date=\"2021-05-10 16:09:31\"><img loading=\"lazy\" decoding=\"async\" src=\"https:\/\/clubvelostoneham.com\/wp-content\/uploads\/2021\/05\/CVS-114-500x300.jpg\" height=\"300\" width=\"500\" alt=\"\" class=\"slider-2147 slide-4772 msDefaultImage\" title=\"CVS-114\" \/><\/li>\n                <li style=\"display: none; width: 100%;\" class=\"slide-4771 ms-image \" aria-roledescription=\"slide\" data-date=\"2021-05-10 16:09:31\"><img loading=\"lazy\" decoding=\"async\" src=\"https:\/\/clubvelostoneham.com\/wp-content\/uploads\/2021\/05\/CVS-113-500x300.jpg\" height=\"300\" width=\"500\" alt=\"\" class=\"slider-2147 slide-4771 msDefaultImage\" title=\"CVS-113\" \/><\/li>\n                <li style=\"display: none; width: 100%;\" class=\"slide-2722 ms-image \" aria-roledescription=\"slide\" data-date=\"2016-01-26 07:22:13\"><img loading=\"lazy\" decoding=\"async\" src=\"https:\/\/clubvelostoneham.com\/wp-content\/uploads\/2016\/01\/VudepuisChalets-500x300.jpg\" height=\"300\" width=\"500\" alt=\"\" class=\"slider-2147 slide-2722 msDefaultImage\" \/><\/li>\n                <li style=\"display: none; width: 100%;\" class=\"slide-4765 ms-image \" aria-roledescription=\"slide\" data-date=\"2021-05-10 16:09:30\"><img loading=\"lazy\" decoding=\"async\" src=\"https:\/\/clubvelostoneham.com\/wp-content\/uploads\/2021\/05\/CVS-107-500x300.jpg\" height=\"300\" width=\"500\" alt=\"\" class=\"slider-2147 slide-4765 msDefaultImage\" title=\"OLYMPUS DIGITAL CAMERA\" \/><div class=\"caption-wrap\"><div class=\"caption\">OLYMPUS DIGITAL CAMERA<\/div><\/div><\/li>\n                <li style=\"display: none; width: 100%;\" class=\"slide-4743 ms-image \" aria-roledescription=\"slide\" data-date=\"2021-05-10 16:08:09\"><img loading=\"lazy\" decoding=\"async\" src=\"https:\/\/clubvelostoneham.com\/wp-content\/uploads\/2021\/05\/CVS-101-500x300.jpg\" height=\"300\" width=\"500\" alt=\"\" class=\"slider-2147 slide-4743 msDefaultImage\" title=\"CVS-101\" \/><\/li>\n                <li style=\"display: none; width: 100%;\" class=\"slide-4763 ms-image \" aria-roledescription=\"slide\" data-date=\"2021-05-10 16:09:30\"><img loading=\"lazy\" decoding=\"async\" src=\"https:\/\/clubvelostoneham.com\/wp-content\/uploads\/2021\/05\/CVS-105-500x300.jpg\" height=\"300\" width=\"500\" alt=\"\" class=\"slider-2147 slide-4763 msDefaultImage\" title=\"CVS-105\" \/><\/li>\n                <li style=\"display: none; width: 100%;\" class=\"slide-4762 ms-image \" aria-roledescription=\"slide\" data-date=\"2021-05-10 16:09:30\"><img loading=\"lazy\" decoding=\"async\" src=\"https:\/\/clubvelostoneham.com\/wp-content\/uploads\/2021\/05\/CVS-104-500x300.jpg\" height=\"300\" width=\"500\" alt=\"\" class=\"slider-2147 slide-4762 msDefaultImage\" title=\"CVS-104\" \/><\/li>\n                <li style=\"display: none; width: 100%;\" class=\"slide-4767 ms-image \" aria-roledescription=\"slide\" data-date=\"2021-05-10 16:09:30\"><img loading=\"lazy\" decoding=\"async\" src=\"https:\/\/clubvelostoneham.com\/wp-content\/uploads\/2021\/05\/CVS-109-500x300.jpeg\" height=\"300\" width=\"500\" alt=\"\" class=\"slider-2147 slide-4767 msDefaultImage\" title=\"CVS-109\" \/><\/li>\n                <li style=\"display: none; width: 100%;\" class=\"slide-4770 ms-image \" aria-roledescription=\"slide\" data-date=\"2021-05-10 16:09:31\"><img loading=\"lazy\" decoding=\"async\" src=\"https:\/\/clubvelostoneham.com\/wp-content\/uploads\/2021\/05\/CVS-112-500x300.jpeg\" height=\"300\" width=\"500\" alt=\"\" class=\"slider-2147 slide-4770 msDefaultImage\" title=\"CVS-112\" \/><\/li>\n            <\/ul>\n        <\/div>\n        \n    <\/div>\n<\/div>\n<h4 style=\"text-align: center;\">Merci \u00e0 nos g\u00e9n\u00e9reux partenaires<\/h4>\n<p style=\"text-align: center;\"><div id=\"metaslider-id-2148\" style=\"max-width: 300px; margin: 0 auto;\" class=\"ml-slider-3-101-0 metaslider metaslider-flex metaslider-2148 ml-slider has-dots-nav ms-theme-default\" role=\"region\" aria-label=\"Nouveau diaporama\" data-height=\"100\" data-width=\"300\">\n    <div id=\"metaslider_container_2148\">\n        <div id=\"metaslider_2148\" class=\"flexslider\">\n            <ul class='slides'>\n                <li style=\"display: block; width: 100%;\" class=\"slide-5078 ms-image \" aria-roledescription=\"slide\" data-date=\"2025-05-29 09:58:06\"><a href=\"https:\/\/habitatsynergie.com\/\" target=\"_self\" aria-label=\"View Slide Details\" class=\"metaslider_image_link\"><img loading=\"lazy\" decoding=\"async\" width=\"300\" height=\"75\" src=\"https:\/\/clubvelostoneham.com\/wp-content\/uploads\/2025\/05\/Logo-Habitat-Synergie.jpg\" class=\"slider-2148 slide-5078 msDefaultImage\" alt=\"\" rel=\"\" title=\"Logo Habitat Synergie\" style=\"margin-top: 4.1666666666667%\" \/><\/a><\/li>\n                <li style=\"display: none; width: 100%;\" class=\"slide-4721 ms-image \" aria-roledescription=\"slide\" data-date=\"2021-04-02 06:56:43\"><a href=\"https:\/\/www.atelierfiset.co\/\" target=\"_blank\" aria-label=\"View Slide Details\" class=\"metaslider_image_link\"><img loading=\"lazy\" decoding=\"async\" width=\"668\" height=\"610\" src=\"https:\/\/clubvelostoneham.com\/wp-content\/uploads\/2025\/05\/Les-Gamines.jpg\" class=\"slider-2148 slide-4721 msDefaultImage\" alt=\"\" rel=\"\" title=\"Les Gamines\" style=\"margin: 0 auto; width: 36.502732240437%\" srcset=\"https:\/\/clubvelostoneham.com\/wp-content\/uploads\/2025\/05\/Les-Gamines.jpg 668w, https:\/\/clubvelostoneham.com\/wp-content\/uploads\/2025\/05\/Les-Gamines-438x400.jpg 438w, https:\/\/clubvelostoneham.com\/wp-content\/uploads\/2025\/05\/Les-Gamines-657x600.jpg 657w\" sizes=\"auto, (max-width: 668px) 100vw, 668px\" \/><\/a><\/li>\n                <li style=\"display: none; width: 100%;\" class=\"slide-4739 ms-image \" aria-roledescription=\"slide\" data-date=\"2021-04-29 15:20:07\"><a href=\"http:\/\/www.jalemieux.qc.ca\/\" target=\"_blank\" aria-label=\"View Slide Details\" class=\"metaslider_image_link\"><img loading=\"lazy\" decoding=\"async\" width=\"2560\" height=\"1039\" src=\"https:\/\/clubvelostoneham.com\/wp-content\/uploads\/2025\/05\/Telio_Logo_rvb_Assurances_H_25-scaled.jpg\" class=\"slider-2148 slide-4739 msDefaultImage\" alt=\"\" rel=\"\" title=\"Telio_Logo_rvb_Assurances_H_25\" style=\"margin: 0 auto; width: 82.130253448829%\" srcset=\"https:\/\/clubvelostoneham.com\/wp-content\/uploads\/2025\/05\/Telio_Logo_rvb_Assurances_H_25-scaled.jpg 2560w, https:\/\/clubvelostoneham.com\/wp-content\/uploads\/2025\/05\/Telio_Logo_rvb_Assurances_H_25-600x244.jpg 600w, https:\/\/clubvelostoneham.com\/wp-content\/uploads\/2025\/05\/Telio_Logo_rvb_Assurances_H_25-800x325.jpg 800w, https:\/\/clubvelostoneham.com\/wp-content\/uploads\/2025\/05\/Telio_Logo_rvb_Assurances_H_25-1536x623.jpg 1536w, https:\/\/clubvelostoneham.com\/wp-content\/uploads\/2025\/05\/Telio_Logo_rvb_Assurances_H_25-2048x831.jpg 2048w\" sizes=\"auto, (max-width: 2560px) 100vw, 2560px\" \/><\/a><\/li>\n                <li style=\"display: none; width: 100%;\" class=\"slide-4680 ms-image \" aria-roledescription=\"slide\" data-date=\"2021-03-11 10:01:06\"><a href=\"https:\/\/www.lasouche.ca\/\" target=\"_blank\" aria-label=\"View Slide Details\" class=\"metaslider_image_link\"><img loading=\"lazy\" decoding=\"async\" width=\"4000\" height=\"2000\" src=\"https:\/\/clubvelostoneham.com\/wp-content\/uploads\/2022\/06\/la-souche-.png\" class=\"slider-2148 slide-4680 msDefaultImage\" alt=\"\" rel=\"\" title=\"la souche\" style=\"margin: 0 auto; width: 66.666666666667%\" srcset=\"https:\/\/clubvelostoneham.com\/wp-content\/uploads\/2022\/06\/la-souche-.png 4000w, https:\/\/clubvelostoneham.com\/wp-content\/uploads\/2022\/06\/la-souche--600x300.png 600w, https:\/\/clubvelostoneham.com\/wp-content\/uploads\/2022\/06\/la-souche--800x400.png 800w\" sizes=\"auto, (max-width: 4000px) 100vw, 4000px\" \/><\/a><\/li>\n                <li style=\"display: none; width: 100%;\" class=\"slide-4835 ms-image \" aria-roledescription=\"slide\" data-date=\"2022-03-09 07:30:30\"><a href=\"https:\/\/www.spherikbike.com\/fr\/accueil\/\" target=\"_blank\" aria-label=\"View Slide Details\" class=\"metaslider_image_link\"><img loading=\"lazy\" decoding=\"async\" width=\"908\" height=\"906\" src=\"https:\/\/clubvelostoneham.com\/wp-content\/uploads\/2025\/05\/CGS-Atelier.jpg\" class=\"slider-2148 slide-4835 msDefaultImage\" alt=\"\" rel=\"\" title=\"CGS Atelier\" style=\"margin: 0 auto; width: 33.406916850625%\" srcset=\"https:\/\/clubvelostoneham.com\/wp-content\/uploads\/2025\/05\/CGS-Atelier.jpg 908w, https:\/\/clubvelostoneham.com\/wp-content\/uploads\/2025\/05\/CGS-Atelier-401x400.jpg 401w, https:\/\/clubvelostoneham.com\/wp-content\/uploads\/2025\/05\/CGS-Atelier-601x600.jpg 601w\" sizes=\"auto, (max-width: 908px) 100vw, 908px\" \/><\/a><\/li>\n                <li style=\"display: none; width: 100%;\" class=\"slide-5089 ms-image \" aria-roledescription=\"slide\" data-date=\"2025-05-29 11:00:28\"><a href=\"https:\/\/www.promutuelassurance.ca\/fr\" target=\"_self\" aria-label=\"View Slide Details\" class=\"metaslider_image_link\"><img loading=\"lazy\" decoding=\"async\" width=\"1756\" height=\"562\" src=\"https:\/\/clubvelostoneham.com\/wp-content\/uploads\/2022\/03\/Promutuel_Logo_2022.jpg\" class=\"slider-2148 slide-5089 msDefaultImage\" alt=\"\" rel=\"\" title=\"Promutuel_Logo_2022\" style=\"margin-top: 0.66438876233865%\" srcset=\"https:\/\/clubvelostoneham.com\/wp-content\/uploads\/2022\/03\/Promutuel_Logo_2022.jpg 1756w, https:\/\/clubvelostoneham.com\/wp-content\/uploads\/2022\/03\/Promutuel_Logo_2022-600x192.jpg 600w, https:\/\/clubvelostoneham.com\/wp-content\/uploads\/2022\/03\/Promutuel_Logo_2022-800x256.jpg 800w\" sizes=\"auto, (max-width: 1756px) 100vw, 1756px\" \/><\/a><\/li>\n                <li style=\"display: none; width: 100%;\" class=\"slide-5079 ms-image \" aria-roledescription=\"slide\" data-date=\"2025-05-29 09:59:43\"><img loading=\"lazy\" decoding=\"async\" width=\"165\" height=\"25\" src=\"https:\/\/clubvelostoneham.com\/wp-content\/uploads\/2025\/05\/Logo-Faguy-Architecte.jpg\" class=\"slider-2148 slide-5079 msDefaultImage\" alt=\"\" rel=\"\" title=\"Logo Faguy Architecte\" style=\"margin-top: 9.0909090909091%\" \/><\/li>\n                <li style=\"display: none; width: 100%;\" class=\"slide-4683 ms-image \" aria-roledescription=\"slide\" data-date=\"2021-03-11 10:10:27\"><a href=\"https:\/\/www.iga.net\/fr\/recherche_de_magasin\/magasin\/0409-iga-stoneham-et-tewkesbury\" target=\"_blank\" aria-label=\"View Slide Details\" class=\"metaslider_image_link\"><img loading=\"lazy\" decoding=\"async\" width=\"687\" height=\"565\" src=\"https:\/\/clubvelostoneham.com\/wp-content\/uploads\/2021\/03\/IGARousseau.png\" class=\"slider-2148 slide-4683 msDefaultImage\" alt=\"\" rel=\"\" title=\"IGARousseau\" style=\"margin: 0 auto; width: 40.530973451327%\" srcset=\"https:\/\/clubvelostoneham.com\/wp-content\/uploads\/2021\/03\/IGARousseau.png 687w, https:\/\/clubvelostoneham.com\/wp-content\/uploads\/2021\/03\/IGARousseau-486x400.png 486w\" sizes=\"auto, (max-width: 687px) 100vw, 687px\" \/><\/a><\/li>\n                <li style=\"display: none; width: 100%;\" class=\"slide-4243 ms-image \" aria-roledescription=\"slide\" data-date=\"2017-02-24 18:56:10\"><a href=\"http:\/\/www.chaletsalpins.ca\/\" target=\"_blank\" aria-label=\"View Slide Details\" class=\"metaslider_image_link\"><img loading=\"lazy\" decoding=\"async\" width=\"300\" height=\"100\" src=\"https:\/\/clubvelostoneham.com\/wp-content\/uploads\/2017\/02\/chalets-alpins_300.jpg\" class=\"slider-2148 slide-4243 msDefaultImage\" alt=\"\" rel=\"\" title=\"\" style=\"margin: 0 auto; width: 100%\" \/><\/a><\/li>\n            <\/ul>\n        <\/div>\n        \n    <\/div>\n<\/div>\n","protected":false},"excerpt":{"rendered":"<p>\u00ab Rouler CVS, c\u2019est avantageux! \u00bb La p\u00e9riode des inscriptions pour 2026 est en cours. Cliquer Inscription pour y acc\u00e9der! La date de soir\u00e9e d&rsquo;essayage vous sera transmise sous peu. Les commandes de v\u00eatements 2026 seront ouvert bient\u00f4t! Vous pouvez\u2026<\/p>\n","protected":false},"author":2,"featured_media":0,"parent":0,"menu_order":0,"comment_status":"closed","ping_status":"closed","template":"","meta":{"ngg_post_thumbnail":0,"footnotes":""},"categories":[],"tags":[],"class_list":["post-1064","page","type-page","status-publish","hentry"],"yoast_head":"<!-- This site is optimized with the Yoast SEO plugin v26.1.1 - https:\/\/yoast.com\/wordpress\/plugins\/seo\/ -->\n<title>Accueil - Club V\u00e9lo Stoneham<\/title>\n<meta name=\"robots\" content=\"index, follow, max-snippet:-1, max-image-preview:large, max-video-preview:-1\" \/>\n<link rel=\"canonical\" href=\"https:\/\/clubvelostoneham.com\/\" \/>\n<meta property=\"og:locale\" content=\"fr_FR\" \/>\n<meta property=\"og:type\" content=\"article\" \/>\n<meta property=\"og:title\" content=\"Accueil - Club V\u00e9lo Stoneham\" \/>\n<meta property=\"og:description\" content=\"\u00ab Rouler CVS, c\u2019est avantageux! \u00bb La p\u00e9riode des inscriptions pour 2026 est en cours. Cliquer Inscription pour y acc\u00e9der! La date de soir\u00e9e d&rsquo;essayage vous sera transmise sous peu. Les commandes de v\u00eatements 2026 seront ouvert bient\u00f4t! Vous pouvez\u2026\" \/>\n<meta property=\"og:url\" content=\"https:\/\/clubvelostoneham.com\/\" \/>\n<meta property=\"og:site_name\" content=\"Club V\u00e9lo Stoneham\" \/>\n<meta property=\"article:modified_time\" content=\"2026-01-12T15:59:38+00:00\" \/>\n<meta property=\"og:image\" content=\"https:\/\/clubvelostoneham.com\/wp-content\/uploads\/2025\/01\/IMG_1637.jpg\" \/>\n\t<meta property=\"og:image:width\" content=\"940\" \/>\n\t<meta property=\"og:image:height\" content=\"788\" \/>\n\t<meta property=\"og:image:type\" content=\"image\/jpeg\" \/>\n<meta name=\"twitter:label1\" content=\"Dur\u00e9e de lecture estim\u00e9e\" \/>\n\t<meta name=\"twitter:data1\" content=\"2 minutes\" \/>\n<script type=\"application\/ld+json\" class=\"yoast-schema-graph\">{\"@context\":\"https:\/\/schema.org\",\"@graph\":[{\"@type\":\"WebPage\",\"@id\":\"https:\/\/clubvelostoneham.com\/\",\"url\":\"https:\/\/clubvelostoneham.com\/\",\"name\":\"Accueil - Club V\u00e9lo Stoneham\",\"isPartOf\":{\"@id\":\"https:\/\/clubvelostoneham.com\/#website\"},\"primaryImageOfPage\":{\"@id\":\"https:\/\/clubvelostoneham.com\/#primaryimage\"},\"image\":{\"@id\":\"https:\/\/clubvelostoneham.com\/#primaryimage\"},\"thumbnailUrl\":\"http:\/\/clubvelostoneham.com\/wp-content\/uploads\/2025\/05\/cvs-2024.png\",\"datePublished\":\"2016-01-15T22:56:11+00:00\",\"dateModified\":\"2026-01-12T15:59:38+00:00\",\"breadcrumb\":{\"@id\":\"https:\/\/clubvelostoneham.com\/#breadcrumb\"},\"inLanguage\":\"fr-FR\",\"potentialAction\":[{\"@type\":\"ReadAction\",\"target\":[\"https:\/\/clubvelostoneham.com\/\"]}]},{\"@type\":\"ImageObject\",\"inLanguage\":\"fr-FR\",\"@id\":\"https:\/\/clubvelostoneham.com\/#primaryimage\",\"url\":\"https:\/\/clubvelostoneham.com\/wp-content\/uploads\/2025\/01\/IMG_1637.jpg\",\"contentUrl\":\"https:\/\/clubvelostoneham.com\/wp-content\/uploads\/2025\/01\/IMG_1637.jpg\",\"width\":940,\"height\":788},{\"@type\":\"BreadcrumbList\",\"@id\":\"https:\/\/clubvelostoneham.com\/#breadcrumb\",\"itemListElement\":[{\"@type\":\"ListItem\",\"position\":1,\"name\":\"Accueil\",\"item\":\"https:\/\/clubvelostoneham.com\/\"},{\"@type\":\"ListItem\",\"position\":2,\"name\":\"Accueil\"}]},{\"@type\":\"WebSite\",\"@id\":\"https:\/\/clubvelostoneham.com\/#website\",\"url\":\"https:\/\/clubvelostoneham.com\/\",\"name\":\"Club V\u00e9lo Stoneham\",\"description\":\"Club V\u00e9lo Stoneham\",\"potentialAction\":[{\"@type\":\"SearchAction\",\"target\":{\"@type\":\"EntryPoint\",\"urlTemplate\":\"https:\/\/clubvelostoneham.com\/?s={search_term_string}\"},\"query-input\":{\"@type\":\"PropertyValueSpecification\",\"valueRequired\":true,\"valueName\":\"search_term_string\"}}],\"inLanguage\":\"fr-FR\"}]}<\/script>\n<!-- \/ Yoast SEO plugin. -->","yoast_head_json":{"title":"Accueil - Club V\u00e9lo Stoneham","robots":{"index":"index","follow":"follow","max-snippet":"max-snippet:-1","max-image-preview":"max-image-preview:large","max-video-preview":"max-video-preview:-1"},"canonical":"https:\/\/clubvelostoneham.com\/","og_locale":"fr_FR","og_type":"article","og_title":"Accueil - Club V\u00e9lo Stoneham","og_description":"\u00ab Rouler CVS, c\u2019est avantageux! \u00bb La p\u00e9riode des inscriptions pour 2026 est en cours. Cliquer Inscription pour y acc\u00e9der! La date de soir\u00e9e d&rsquo;essayage vous sera transmise sous peu. Les commandes de v\u00eatements 2026 seront ouvert bient\u00f4t! Vous pouvez\u2026","og_url":"https:\/\/clubvelostoneham.com\/","og_site_name":"Club V\u00e9lo Stoneham","article_modified_time":"2026-01-12T15:59:38+00:00","og_image":[{"width":940,"height":788,"url":"https:\/\/clubvelostoneham.com\/wp-content\/uploads\/2025\/01\/IMG_1637.jpg","type":"image\/jpeg"}],"twitter_misc":{"Dur\u00e9e de lecture estim\u00e9e":"2 minutes"},"schema":{"@context":"https:\/\/schema.org","@graph":[{"@type":"WebPage","@id":"https:\/\/clubvelostoneham.com\/","url":"https:\/\/clubvelostoneham.com\/","name":"Accueil - Club V\u00e9lo Stoneham","isPartOf":{"@id":"https:\/\/clubvelostoneham.com\/#website"},"primaryImageOfPage":{"@id":"https:\/\/clubvelostoneham.com\/#primaryimage"},"image":{"@id":"https:\/\/clubvelostoneham.com\/#primaryimage"},"thumbnailUrl":"http:\/\/clubvelostoneham.com\/wp-content\/uploads\/2025\/05\/cvs-2024.png","datePublished":"2016-01-15T22:56:11+00:00","dateModified":"2026-01-12T15:59:38+00:00","breadcrumb":{"@id":"https:\/\/clubvelostoneham.com\/#breadcrumb"},"inLanguage":"fr-FR","potentialAction":[{"@type":"ReadAction","target":["https:\/\/clubvelostoneham.com\/"]}]},{"@type":"ImageObject","inLanguage":"fr-FR","@id":"https:\/\/clubvelostoneham.com\/#primaryimage","url":"https:\/\/clubvelostoneham.com\/wp-content\/uploads\/2025\/01\/IMG_1637.jpg","contentUrl":"https:\/\/clubvelostoneham.com\/wp-content\/uploads\/2025\/01\/IMG_1637.jpg","width":940,"height":788},{"@type":"BreadcrumbList","@id":"https:\/\/clubvelostoneham.com\/#breadcrumb","itemListElement":[{"@type":"ListItem","position":1,"name":"Accueil","item":"https:\/\/clubvelostoneham.com\/"},{"@type":"ListItem","position":2,"name":"Accueil"}]},{"@type":"WebSite","@id":"https:\/\/clubvelostoneham.com\/#website","url":"https:\/\/clubvelostoneham.com\/","name":"Club V\u00e9lo Stoneham","description":"Club V\u00e9lo Stoneham","potentialAction":[{"@type":"SearchAction","target":{"@type":"EntryPoint","urlTemplate":"https:\/\/clubvelostoneham.com\/?s={search_term_string}"},"query-input":{"@type":"PropertyValueSpecification","valueRequired":true,"valueName":"search_term_string"}}],"inLanguage":"fr-FR"}]}},"jetpack_sharing_enabled":false,"jetpack_shortlink":"https:\/\/wp.me\/P78n5A-ha","_links":{"self":[{"href":"https:\/\/clubvelostoneham.com\/index.php?rest_route=\/wp\/v2\/pages\/1064","targetHints":{"allow":["GET"]}}],"collection":[{"href":"https:\/\/clubvelostoneham.com\/index.php?rest_route=\/wp\/v2\/pages"}],"about":[{"href":"https:\/\/clubvelostoneham.com\/index.php?rest_route=\/wp\/v2\/types\/page"}],"author":[{"embeddable":true,"href":"https:\/\/clubvelostoneham.com\/index.php?rest_route=\/wp\/v2\/users\/2"}],"replies":[{"embeddable":true,"href":"https:\/\/clubvelostoneham.com\/index.php?rest_route=%2Fwp%2Fv2%2Fcomments&post=1064"}],"version-history":[{"count":76,"href":"https:\/\/clubvelostoneham.com\/index.php?rest_route=\/wp\/v2\/pages\/1064\/revisions"}],"predecessor-version":[{"id":5094,"href":"https:\/\/clubvelostoneham.com\/index.php?rest_route=\/wp\/v2\/pages\/1064\/revisions\/5094"}],"wp:attachment":[{"href":"https:\/\/clubvelostoneham.com\/index.php?rest_route=%2Fwp%2Fv2%2Fmedia&parent=1064"}],"wp:term":[{"taxonomy":"category","embeddable":true,"href":"https:\/\/clubvelostoneham.com\/index.php?rest_route=%2Fwp%2Fv2%2Fcategories&post=1064"},{"taxonomy":"post_tag","embeddable":true,"href":"https:\/\/clubvelostoneham.com\/index.php?rest_route=%2Fwp%2Fv2%2Ftags&post=1064"}],"curies":[{"name":"wp","href":"https:\/\/api.w.org\/{rel}","templated":true}]}}